{"id":9272,"date":"2021-01-26T07:59:59","date_gmt":"2021-01-26T06:59:59","guid":{"rendered":"https:\/\/dev.cirtes.com\/?page_id=9272"},"modified":"2021-04-14T17:39:11","modified_gmt":"2021-04-14T15:39:11","slug":"logiciels-packstrat","status":"publish","type":"page","link":"https:\/\/www.cirtes.com\/?page_id=9272","title":{"rendered":"Logiciels Pack&#038;Strat\u00ae"},"content":{"rendered":"\t\t<div data-elementor-type=\"wp-page\" data-elementor-id=\"9272\" class=\"elementor elementor-9272\">\n\t\t\t\t\t\t<section data-particle_enable=\"false\" data-particle-mobile-disabled=\"false\" class=\"elementor-section elementor-top-section elementor-element elementor-element-3de16980 elementor-section-stretched elementor-hidden-tablet elementor-hidden-phone elementor-section-boxed elementor-section-height-default elementor-section-height-default\" data-id=\"3de16980\" data-element_type=\"section\" data-settings=\"{&quot;stretch_section&quot;:&quot;section-stretched&quot;}\">\n\t\t\t\t\t\t<div class=\"elementor-container elementor-column-gap-default\">\n\t\t\t\t\t<div class=\"elementor-column elementor-col-100 elementor-top-column elementor-element elementor-element-c91086a\" data-id=\"c91086a\" data-element_type=\"column\">\n\t\t\t<div class=\"elementor-widget-wrap elementor-element-populated\">\n\t\t\t\t\t\t<div class=\"elementor-element elementor-element-68d6d2c elementor-widget elementor-widget-heading\" data-id=\"68d6d2c\" data-element_type=\"widget\" data-widget_type=\"heading.default\">\n\t\t\t\t<div class=\"elementor-widget-container\">\n\t\t\t<h1 class=\"elementor-heading-title elementor-size-default\">Logiciels Pack&#038;Strat\u00ae<\/h1>\t\t<\/div>\n\t\t\t\t<\/div>\n\t\t\t\t<div class=\"elementor-element elementor-element-5ef88dac elementor-widget elementor-widget-text-editor\" data-id=\"5ef88dac\" data-element_type=\"widget\" data-widget_type=\"text-editor.default\">\n\t\t\t\t<div class=\"elementor-widget-container\">\n\t\t\t\t\t\t\t<p>Le logiciel d\u00e9di\u00e9 \u00e0 la r\u00e9alisation de calages et d&#8217;emballages 3D pour mettre oeuvre du proc\u00e9d\u00e9 Pack&amp;Strat<\/p>\t\t\t\t\t\t<\/div>\n\t\t\t\t<\/div>\n\t\t\t\t<div class=\"elementor-element elementor-element-7e0e9292 elementor-button-danger elementor-align-center elementor-widget elementor-widget-global elementor-global-7297 elementor-widget-button\" data-id=\"7e0e9292\" data-element_type=\"widget\" data-widget_type=\"button.default\">\n\t\t\t\t<div class=\"elementor-widget-container\">\n\t\t\t\t\t<div class=\"elementor-button-wrapper\">\n\t\t\t<a class=\"elementor-button elementor-button-link elementor-size-xl\" href=\"https:\/\/www.cirtes.com\/?page_id=14\">\n\t\t\t\t\t\t<span class=\"elementor-button-content-wrapper\">\n\t\t\t\t\t\t<span class=\"elementor-button-icon\">\n\t\t\t\t<i aria-hidden=\"true\" class=\"fas fa-question\"><\/i>\t\t\t<\/span>\n\t\t\t\t\t\t\t\t\t<span class=\"elementor-button-text\">Obtenir plus d'informations<\/span>\n\t\t\t\t\t<\/span>\n\t\t\t\t\t<\/a>\n\t\t<\/div>\n\t\t\t\t<\/div>\n\t\t\t\t<\/div>\n\t\t\t\t\t<\/div>\n\t\t<\/div>\n\t\t\t\t\t<\/div>\n\t\t<\/section>\n\t\t\t\t<section data-particle_enable=\"false\" data-particle-mobile-disabled=\"false\" class=\"elementor-section elementor-top-section elementor-element elementor-element-7b3b52c elementor-section-boxed elementor-section-height-default elementor-section-height-default\" data-id=\"7b3b52c\" data-element_type=\"section\">\n\t\t\t\t\t\t<div class=\"elementor-container elementor-column-gap-default\">\n\t\t\t\t\t<div class=\"elementor-column elementor-col-100 elementor-top-column elementor-element elementor-element-a265e5f\" data-id=\"a265e5f\" data-element_type=\"column\">\n\t\t\t<div class=\"elementor-widget-wrap\">\n\t\t\t\t\t\t\t<\/div>\n\t\t<\/div>\n\t\t\t\t\t<\/div>\n\t\t<\/section>\n\t\t\t\t<section data-particle_enable=\"false\" data-particle-mobile-disabled=\"false\" class=\"elementor-section elementor-top-section elementor-element elementor-element-141e870 elementor-section-full_width elementor-section-height-default elementor-section-height-default\" data-id=\"141e870\" data-element_type=\"section\" data-settings=\"{&quot;background_background&quot;:&quot;classic&quot;}\">\n\t\t\t\t\t\t<div class=\"elementor-container elementor-column-gap-default\">\n\t\t\t\t\t<div class=\"elementor-column elementor-col-100 elementor-top-column elementor-element elementor-element-d377d6a\" data-id=\"d377d6a\" data-element_type=\"column\">\n\t\t\t<div class=\"elementor-widget-wrap elementor-element-populated\">\n\t\t\t\t\t\t<div class=\"elementor-element elementor-element-601060b elementor-widget elementor-widget-heading\" data-id=\"601060b\" data-element_type=\"widget\" data-widget_type=\"heading.default\">\n\t\t\t\t<div class=\"elementor-widget-container\">\n\t\t\t<h2 class=\"elementor-heading-title elementor-size-default\">Pack&amp;Strat<\/h2>\t\t<\/div>\n\t\t\t\t<\/div>\n\t\t\t\t<div class=\"elementor-element elementor-element-d15d08d elementor-widget elementor-widget-heading\" data-id=\"d15d08d\" data-element_type=\"widget\" data-widget_type=\"heading.default\">\n\t\t\t\t<div class=\"elementor-widget-container\">\n\t\t\t<h3 class=\"elementor-heading-title elementor-size-default\">L'emballage rapide par Stratoconception<\/h3>\t\t<\/div>\n\t\t\t\t<\/div>\n\t\t\t\t<div class=\"elementor-element elementor-element-7181508 elementor-widget elementor-widget-text-editor\" data-id=\"7181508\" data-element_type=\"widget\" data-widget_type=\"text-editor.default\">\n\t\t\t\t<div class=\"elementor-widget-container\">\n\t\t\t\t\t\t\t<p>\u00c0 partir d\u2019un mod\u00e8le CAO ou d\u2019un nuage de points issu de num\u00e9risation du produit, le logiciel Pack&amp;Strat\u00ae propose :<\/p><ul><li>la conception automatique de la contre-forme virtuelle destin\u00e9e \u00e0 loger ou \u00e0 caler le produit,<\/li><li>le tranchage de cette contre-forme,<\/li><li>la g\u00e9n\u00e9ration automatique des parcours de d\u00e9coupe 2D ou 3D de chacune de ces tranches dans le mat\u00e9riau retenu.<\/li><\/ul>\t\t\t\t\t\t<\/div>\n\t\t\t\t<\/div>\n\t\t\t\t<div class=\"elementor-element elementor-element-67f3e91 elementor-skin-carousel elementor-arrows-yes elementor-pagination-type-bullets elementor-pagination-position-outside elementor-widget elementor-widget-media-carousel\" data-id=\"67f3e91\" data-element_type=\"widget\" data-settings=\"{&quot;slides_per_view&quot;:&quot;1&quot;,&quot;slides_to_scroll&quot;:&quot;1&quot;,&quot;skin&quot;:&quot;carousel&quot;,&quot;effect&quot;:&quot;slide&quot;,&quot;show_arrows&quot;:&quot;yes&quot;,&quot;pagination&quot;:&quot;bullets&quot;,&quot;speed&quot;:500,&quot;autoplay&quot;:&quot;yes&quot;,&quot;autoplay_speed&quot;:5000,&quot;loop&quot;:&quot;yes&quot;,&quot;pause_on_hover&quot;:&quot;yes&quot;,&quot;pause_on_interaction&quot;:&quot;yes&quot;,&quot;space_between&quot;:{&quot;unit&quot;:&quot;px&quot;,&quot;size&quot;:10,&quot;sizes&quot;:[]},&quot;space_between_tablet&quot;:{&quot;unit&quot;:&quot;px&quot;,&quot;size&quot;:10,&quot;sizes&quot;:[]},&quot;space_between_mobile&quot;:{&quot;unit&quot;:&quot;px&quot;,&quot;size&quot;:10,&quot;sizes&quot;:[]}}\" data-widget_type=\"media-carousel.default\">\n\t\t\t\t<div class=\"elementor-widget-container\">\n\t\t\t\t\t<div class=\"elementor-swiper\">\n\t\t\t<div class=\"elementor-main-swiper swiper-container\">\n\t\t\t\t<div class=\"swiper-wrapper\">\n\t\t\t\t\t\t\t\t\t\t\t<div class=\"swiper-slide\">\n\t\t\t\t\t\t\t\t\t<div class=\"elementor-carousel-image\" style=\"background-image: url(https:\/\/www.cirtes.com\/wp-content\/uploads\/2021\/01\/1_Import_visualisation.jpg)\">\n\n\t\t\t\n\t\t\t\t\t<\/div>\n\t\t\t\t\t\t\t\t<\/div>\n\t\t\t\t\t\t\t\t\t\t\t<div class=\"swiper-slide\">\n\t\t\t\t\t\t\t\t\t<div class=\"elementor-carousel-image\" style=\"background-image: url(https:\/\/www.cirtes.com\/wp-content\/uploads\/2021\/01\/2_Choix_materiaux.jpg)\">\n\n\t\t\t\n\t\t\t\t\t<\/div>\n\t\t\t\t\t\t\t\t<\/div>\n\t\t\t\t\t\t\t\t\t\t\t<div class=\"swiper-slide\">\n\t\t\t\t\t\t\t\t\t<div class=\"elementor-carousel-image\" style=\"background-image: url(https:\/\/www.cirtes.com\/wp-content\/uploads\/2021\/01\/3_Positionnement_zones.jpg)\">\n\n\t\t\t\n\t\t\t\t\t<\/div>\n\t\t\t\t\t\t\t\t<\/div>\n\t\t\t\t\t\t\t\t\t\t\t<div class=\"swiper-slide\">\n\t\t\t\t\t\t\t\t\t<div class=\"elementor-carousel-image\" style=\"background-image: url(https:\/\/www.cirtes.com\/wp-content\/uploads\/2021\/01\/packnstrat6.jpg)\">\n\n\t\t\t\n\t\t\t\t\t<\/div>\n\t\t\t\t\t\t\t\t<\/div>\n\t\t\t\t\t\t\t\t\t<\/div>\n\t\t\t\t\t\t\t\t\t\t\t\t\t\t\t<div class=\"swiper-pagination\"><\/div>\n\t\t\t\t\t\t\t\t\t\t\t\t\t\t\t\t<div class=\"elementor-swiper-button elementor-swiper-button-prev\">\n\t\t\t\t\t\t\t<i aria-hidden=\"true\" class=\"eicon-chevron-left\"><\/i>\t\t\t\t\t\t\t<span class=\"elementor-screen-only\">Previous<\/span>\n\t\t\t\t\t\t<\/div>\n\t\t\t\t\t\t<div class=\"elementor-swiper-button elementor-swiper-button-next\">\n\t\t\t\t\t\t\t<i aria-hidden=\"true\" class=\"eicon-chevron-right\"><\/i>\t\t\t\t\t\t\t<span class=\"elementor-screen-only\">Next<\/span>\n\t\t\t\t\t\t<\/div>\n\t\t\t\t\t\t\t\t\t\t\t\t<\/div>\n\t\t<\/div>\n\t\t\t\t<\/div>\n\t\t\t\t<\/div>\n\t\t\t\t\t<\/div>\n\t\t<\/div>\n\t\t\t\t\t<\/div>\n\t\t<\/section>\n\t\t\t\t<section data-particle_enable=\"false\" data-particle-mobile-disabled=\"false\" class=\"elementor-section elementor-top-section elementor-element elementor-element-f370412 elementor-section-boxed elementor-section-height-default elementor-section-height-default\" data-id=\"f370412\" data-element_type=\"section\">\n\t\t\t\t\t\t<div class=\"elementor-container elementor-column-gap-default\">\n\t\t\t\t\t<div class=\"elementor-column elementor-col-100 elementor-top-column elementor-element elementor-element-89334bc\" data-id=\"89334bc\" data-element_type=\"column\">\n\t\t\t<div class=\"elementor-widget-wrap elementor-element-populated\">\n\t\t\t\t\t\t<div class=\"elementor-element elementor-element-f9d5e3b elementor-button-danger elementor-align-center elementor-widget elementor-widget-global elementor-global-7297 elementor-widget-button\" data-id=\"f9d5e3b\" data-element_type=\"widget\" data-widget_type=\"button.default\">\n\t\t\t\t<div class=\"elementor-widget-container\">\n\t\t\t\t\t<div class=\"elementor-button-wrapper\">\n\t\t\t<a class=\"elementor-button elementor-button-link elementor-size-xl\" href=\"https:\/\/www.cirtes.com\/?page_id=14\">\n\t\t\t\t\t\t<span class=\"elementor-button-content-wrapper\">\n\t\t\t\t\t\t<span class=\"elementor-button-icon\">\n\t\t\t\t<i aria-hidden=\"true\" class=\"fas fa-question\"><\/i>\t\t\t<\/span>\n\t\t\t\t\t\t\t\t\t<span class=\"elementor-button-text\">Obtenir plus d'informations<\/span>\n\t\t\t\t\t<\/span>\n\t\t\t\t\t<\/a>\n\t\t<\/div>\n\t\t\t\t<\/div>\n\t\t\t\t<\/div>\n\t\t\t\t\t<\/div>\n\t\t<\/div>\n\t\t\t\t\t<\/div>\n\t\t<\/section>\n\t\t\t\t<\/div>\n\t\t","protected":false},"excerpt":{"rendered":"<p>Le logiciel d\u00e9di\u00e9 \u00e0 la r\u00e9alisation de calages et d&#8217;emballages 3D pour mettre oeuvre du proc\u00e9d\u00e9 Pack&amp;Strat Obtenir plus d&rsquo;informations Pack&amp;Strat L&#8217;emballage rapide par Stratoconception \u00c0 partir d\u2019un mod\u00e8le CAO ou d\u2019un nuage de points issu de num\u00e9risation du produit, le logiciel Pack&amp;Strat\u00ae propose : la conception automatique de la contre-forme virtuelle destin\u00e9e \u00e0 loger [&hellip;]<\/p>\n","protected":false},"author":1,"featured_media":0,"parent":7455,"menu_order":1,"comment_status":"closed","ping_status":"closed","template":"","meta":{"ocean_post_layout":"full-screen","ocean_both_sidebars_style":"","ocean_both_sidebars_content_width":0,"ocean_both_sidebars_sidebars_width":0,"ocean_sidebar":"0","ocean_second_sidebar":"0","ocean_disable_margins":"on","ocean_add_body_class":"","ocean_shortcode_before_top_bar":"","ocean_shortcode_after_top_bar":"","ocean_shortcode_before_header":"","ocean_shortcode_after_header":"","ocean_has_shortcode":"","ocean_shortcode_after_title":"","ocean_shortcode_before_footer_widgets":"","ocean_shortcode_after_footer_widgets":"","ocean_shortcode_before_footer_bottom":"","ocean_shortcode_after_footer_bottom":"","ocean_display_top_bar":"default","ocean_display_header":"default","ocean_header_style":"transparent","ocean_center_header_left_menu":"0","ocean_custom_header_template":"0","ocean_custom_logo":0,"ocean_custom_retina_logo":0,"ocean_custom_logo_max_width":0,"ocean_custom_logo_tablet_max_width":0,"ocean_custom_logo_mobile_max_width":0,"ocean_custom_logo_max_height":0,"ocean_custom_logo_tablet_max_height":0,"ocean_custom_logo_mobile_max_height":0,"ocean_header_custom_menu":"0","ocean_menu_typo_font_family":"0","ocean_menu_typo_font_subset":"","ocean_menu_typo_font_size":0,"ocean_menu_typo_font_size_tablet":0,"ocean_menu_typo_font_size_mobile":0,"ocean_menu_typo_font_size_unit":"px","ocean_menu_typo_font_weight":"","ocean_menu_typo_font_weight_tablet":"","ocean_menu_typo_font_weight_mobile":"","ocean_menu_typo_transform":"","ocean_menu_typo_transform_tablet":"","ocean_menu_typo_transform_mobile":"","ocean_menu_typo_line_height":0,"ocean_menu_typo_line_height_tablet":0,"ocean_menu_typo_line_height_mobile":0,"ocean_menu_typo_line_height_unit":"","ocean_menu_typo_spacing":0,"ocean_menu_typo_spacing_tablet":0,"ocean_menu_typo_spacing_mobile":0,"ocean_menu_typo_spacing_unit":"","ocean_menu_link_color":"","ocean_menu_link_color_hover":"","ocean_menu_link_color_active":"","ocean_menu_link_background":"","ocean_menu_link_hover_background":"","ocean_menu_link_active_background":"","ocean_menu_social_links_bg":"","ocean_menu_social_hover_links_bg":"","ocean_menu_social_links_color":"","ocean_menu_social_hover_links_color":"","ocean_disable_title":"enable","ocean_disable_heading":"on","ocean_post_title":"","ocean_post_subheading":"","ocean_post_title_style":"background-image","ocean_post_title_background_color":"","ocean_post_title_background":2330,"ocean_post_title_bg_image_position":"center center","ocean_post_title_bg_image_attachment":"","ocean_post_title_bg_image_repeat":"no-repeat","ocean_post_title_bg_image_size":"cover","ocean_post_title_height":200,"ocean_post_title_bg_overlay":0.4,"ocean_post_title_bg_overlay_color":"","ocean_disable_breadcrumbs":"default","ocean_breadcrumbs_color":"","ocean_breadcrumbs_separator_color":"","ocean_breadcrumbs_links_color":"","ocean_breadcrumbs_links_hover_color":"","ocean_display_footer_widgets":"default","ocean_display_footer_bottom":"default","ocean_custom_footer_template":"0","osh_disable_topbar_sticky":"default","osh_disable_header_sticky":"default","osh_sticky_header_style":"default","osh_sticky_header_effect":"","osh_custom_sticky_logo":0,"osh_custom_retina_sticky_logo":0,"osh_custom_sticky_logo_height":0,"osh_background_color":"","osh_links_color":"","osh_links_hover_color":"","osh_links_active_color":"","osh_links_bg_color":"","osh_links_hover_bg_color":"","osh_links_active_bg_color":"","osh_menu_social_links_color":"","osh_menu_social_hover_links_color":"","footnotes":""},"class_list":["post-9272","page","type-page","status-publish","hentry","entry"],"yoast_head":"<!-- This site is optimized with the Yoast SEO plugin v21.8.1 - https:\/\/yoast.com\/wordpress\/plugins\/seo\/ -->\n<title>Logiciels Pack&amp;Strat\u00ae - CIRTES<\/title>\n<meta name=\"robots\" content=\"index, follow, max-snippet:-1, max-image-preview:large, max-video-preview:-1\" \/>\n<link rel=\"canonical\" href=\"https:\/\/www.cirtes.com\/?page_id=9272\" \/>\n<meta property=\"og:locale\" content=\"fr_FR\" \/>\n<meta property=\"og:type\" content=\"article\" \/>\n<meta property=\"og:title\" content=\"Logiciels Pack&amp;Strat\u00ae - CIRTES\" \/>\n<meta property=\"og:description\" content=\"Le logiciel d\u00e9di\u00e9 \u00e0 la r\u00e9alisation de calages et d&#8217;emballages 3D pour mettre oeuvre du proc\u00e9d\u00e9 Pack&amp;Strat Obtenir plus d&rsquo;informations Pack&amp;Strat L&#8217;emballage rapide par Stratoconception \u00c0 partir d\u2019un mod\u00e8le CAO ou d\u2019un nuage de points issu de num\u00e9risation du produit, le logiciel Pack&amp;Strat\u00ae propose : la conception automatique de la contre-forme virtuelle destin\u00e9e \u00e0 loger [&hellip;]\" \/>\n<meta property=\"og:url\" content=\"https:\/\/www.cirtes.com\/?page_id=9272\" \/>\n<meta property=\"og:site_name\" content=\"CIRTES\" \/>\n<meta property=\"article:modified_time\" content=\"2021-04-14T15:39:11+00:00\" \/>\n<meta name=\"twitter:card\" content=\"summary_large_image\" \/>\n<meta name=\"twitter:label1\" content=\"Dur\u00e9e de lecture estim\u00e9e\" \/>\n\t<meta name=\"twitter:data1\" content=\"1 minute\" \/>\n<script type=\"application\/ld+json\" class=\"yoast-schema-graph\">{\"@context\":\"https:\/\/schema.org\",\"@graph\":[{\"@type\":\"WebPage\",\"@id\":\"https:\/\/www.cirtes.com\/?page_id=9272\",\"url\":\"https:\/\/www.cirtes.com\/?page_id=9272\",\"name\":\"Logiciels Pack&Strat\u00ae - CIRTES\",\"isPartOf\":{\"@id\":\"https:\/\/www.cirtes.com\/#website\"},\"datePublished\":\"2021-01-26T06:59:59+00:00\",\"dateModified\":\"2021-04-14T15:39:11+00:00\",\"breadcrumb\":{\"@id\":\"https:\/\/www.cirtes.com\/?page_id=9272#breadcrumb\"},\"inLanguage\":\"fr-FR\",\"potentialAction\":[{\"@type\":\"ReadAction\",\"target\":[\"https:\/\/www.cirtes.com\/?page_id=9272\"]}]},{\"@type\":\"BreadcrumbList\",\"@id\":\"https:\/\/www.cirtes.com\/?page_id=9272#breadcrumb\",\"itemListElement\":[{\"@type\":\"ListItem\",\"position\":1,\"name\":\"Accueil\",\"item\":\"https:\/\/www.cirtes.com\/\"},{\"@type\":\"ListItem\",\"position\":2,\"name\":\"Offre &#8211; Produits et Services\",\"item\":\"https:\/\/www.cirtes.com\/?page_id=2118\"},{\"@type\":\"ListItem\",\"position\":3,\"name\":\"Produits\",\"item\":\"https:\/\/www.cirtes.com\/?page_id=7148\"},{\"@type\":\"ListItem\",\"position\":4,\"name\":\"Pack&#038;Strat\u00ae\",\"item\":\"https:\/\/www.cirtes.com\/?page_id=7455\"},{\"@type\":\"ListItem\",\"position\":5,\"name\":\"Logiciels Pack&#038;Strat\u00ae\"}]},{\"@type\":\"WebSite\",\"@id\":\"https:\/\/www.cirtes.com\/#website\",\"url\":\"https:\/\/www.cirtes.com\/\",\"name\":\"CIRTES\",\"description\":\"Fabrication Additive et Usinage Avanc\u00e9\",\"publisher\":{\"@id\":\"https:\/\/www.cirtes.com\/#organization\"},\"potentialAction\":[{\"@type\":\"SearchAction\",\"target\":{\"@type\":\"EntryPoint\",\"urlTemplate\":\"https:\/\/www.cirtes.com\/?s={search_term_string}\"},\"query-input\":\"required name=search_term_string\"}],\"inLanguage\":\"fr-FR\"},{\"@type\":\"Organization\",\"@id\":\"https:\/\/www.cirtes.com\/#organization\",\"name\":\"CIRTES\",\"url\":\"https:\/\/www.cirtes.com\/\",\"logo\":{\"@type\":\"ImageObject\",\"inLanguage\":\"fr-FR\",\"@id\":\"https:\/\/www.cirtes.com\/#\/schema\/logo\/image\/\",\"url\":\"https:\/\/www.cirtes.com\/wp-content\/uploads\/2016\/05\/unnamed-2.png\",\"contentUrl\":\"https:\/\/www.cirtes.com\/wp-content\/uploads\/2016\/05\/unnamed-2.png\",\"width\":300,\"height\":95,\"caption\":\"CIRTES\"},\"image\":{\"@id\":\"https:\/\/www.cirtes.com\/#\/schema\/logo\/image\/\"},\"sameAs\":[\"https:\/\/www.linkedin.com\/company\/cirtes\"]}]}<\/script>\n<!-- \/ Yoast SEO plugin. -->","yoast_head_json":{"title":"Logiciels Pack&Strat\u00ae - CIRTES","robots":{"index":"index","follow":"follow","max-snippet":"max-snippet:-1","max-image-preview":"max-image-preview:large","max-video-preview":"max-video-preview:-1"},"canonical":"https:\/\/www.cirtes.com\/?page_id=9272","og_locale":"fr_FR","og_type":"article","og_title":"Logiciels Pack&Strat\u00ae - CIRTES","og_description":"Le logiciel d\u00e9di\u00e9 \u00e0 la r\u00e9alisation de calages et d&#8217;emballages 3D pour mettre oeuvre du proc\u00e9d\u00e9 Pack&amp;Strat Obtenir plus d&rsquo;informations Pack&amp;Strat L&#8217;emballage rapide par Stratoconception \u00c0 partir d\u2019un mod\u00e8le CAO ou d\u2019un nuage de points issu de num\u00e9risation du produit, le logiciel Pack&amp;Strat\u00ae propose : la conception automatique de la contre-forme virtuelle destin\u00e9e \u00e0 loger [&hellip;]","og_url":"https:\/\/www.cirtes.com\/?page_id=9272","og_site_name":"CIRTES","article_modified_time":"2021-04-14T15:39:11+00:00","twitter_card":"summary_large_image","twitter_misc":{"Dur\u00e9e de lecture estim\u00e9e":"1 minute"},"schema":{"@context":"https:\/\/schema.org","@graph":[{"@type":"WebPage","@id":"https:\/\/www.cirtes.com\/?page_id=9272","url":"https:\/\/www.cirtes.com\/?page_id=9272","name":"Logiciels Pack&Strat\u00ae - CIRTES","isPartOf":{"@id":"https:\/\/www.cirtes.com\/#website"},"datePublished":"2021-01-26T06:59:59+00:00","dateModified":"2021-04-14T15:39:11+00:00","breadcrumb":{"@id":"https:\/\/www.cirtes.com\/?page_id=9272#breadcrumb"},"inLanguage":"fr-FR","potentialAction":[{"@type":"ReadAction","target":["https:\/\/www.cirtes.com\/?page_id=9272"]}]},{"@type":"BreadcrumbList","@id":"https:\/\/www.cirtes.com\/?page_id=9272#breadcrumb","itemListElement":[{"@type":"ListItem","position":1,"name":"Accueil","item":"https:\/\/www.cirtes.com\/"},{"@type":"ListItem","position":2,"name":"Offre &#8211; Produits et Services","item":"https:\/\/www.cirtes.com\/?page_id=2118"},{"@type":"ListItem","position":3,"name":"Produits","item":"https:\/\/www.cirtes.com\/?page_id=7148"},{"@type":"ListItem","position":4,"name":"Pack&#038;Strat\u00ae","item":"https:\/\/www.cirtes.com\/?page_id=7455"},{"@type":"ListItem","position":5,"name":"Logiciels Pack&#038;Strat\u00ae"}]},{"@type":"WebSite","@id":"https:\/\/www.cirtes.com\/#website","url":"https:\/\/www.cirtes.com\/","name":"CIRTES","description":"Fabrication Additive et Usinage Avanc\u00e9","publisher":{"@id":"https:\/\/www.cirtes.com\/#organization"},"potentialAction":[{"@type":"SearchAction","target":{"@type":"EntryPoint","urlTemplate":"https:\/\/www.cirtes.com\/?s={search_term_string}"},"query-input":"required name=search_term_string"}],"inLanguage":"fr-FR"},{"@type":"Organization","@id":"https:\/\/www.cirtes.com\/#organization","name":"CIRTES","url":"https:\/\/www.cirtes.com\/","logo":{"@type":"ImageObject","inLanguage":"fr-FR","@id":"https:\/\/www.cirtes.com\/#\/schema\/logo\/image\/","url":"https:\/\/www.cirtes.com\/wp-content\/uploads\/2016\/05\/unnamed-2.png","contentUrl":"https:\/\/www.cirtes.com\/wp-content\/uploads\/2016\/05\/unnamed-2.png","width":300,"height":95,"caption":"CIRTES"},"image":{"@id":"https:\/\/www.cirtes.com\/#\/schema\/logo\/image\/"},"sameAs":["https:\/\/www.linkedin.com\/company\/cirtes"]}]}},"_links":{"self":[{"href":"https:\/\/www.cirtes.com\/index.php?rest_route=\/wp\/v2\/pages\/9272","targetHints":{"allow":["GET"]}}],"collection":[{"href":"https:\/\/www.cirtes.com\/index.php?rest_route=\/wp\/v2\/pages"}],"about":[{"href":"https:\/\/www.cirtes.com\/index.php?rest_route=\/wp\/v2\/types\/page"}],"author":[{"embeddable":true,"href":"https:\/\/www.cirtes.com\/index.php?rest_route=\/wp\/v2\/users\/1"}],"replies":[{"embeddable":true,"href":"https:\/\/www.cirtes.com\/index.php?rest_route=%2Fwp%2Fv2%2Fcomments&post=9272"}],"version-history":[{"count":8,"href":"https:\/\/www.cirtes.com\/index.php?rest_route=\/wp\/v2\/pages\/9272\/revisions"}],"predecessor-version":[{"id":10252,"href":"https:\/\/www.cirtes.com\/index.php?rest_route=\/wp\/v2\/pages\/9272\/revisions\/10252"}],"up":[{"embeddable":true,"href":"https:\/\/www.cirtes.com\/index.php?rest_route=\/wp\/v2\/pages\/7455"}],"wp:attachment":[{"href":"https:\/\/www.cirtes.com\/index.php?rest_route=%2Fwp%2Fv2%2Fmedia&parent=9272"}],"curies":[{"name":"wp","href":"https:\/\/api.w.org\/{rel}","templated":true}]}}