{"id":5168,"date":"2017-09-21T16:32:16","date_gmt":"2017-09-21T14:32:16","guid":{"rendered":"http:\/\/cirtes.com\/claude-barlier\/"},"modified":"2021-04-22T17:06:50","modified_gmt":"2021-04-22T15:06:50","slug":"claude-barlier","status":"publish","type":"page","link":"https:\/\/www.cirtes.com\/?page_id=5168&lang=en","title":{"rendered":"Claude BARLIER"},"content":{"rendered":"\t\t<div data-elementor-type=\"wp-page\" data-elementor-id=\"5168\" class=\"elementor elementor-5168 elementor-3868\">\n\t\t\t\t\t\t<section data-particle_enable=\"false\" data-particle-mobile-disabled=\"false\" class=\"elementor-section elementor-top-section elementor-element elementor-element-b3423d8 elementor-section-full_width elementor-section-height-default elementor-section-height-default\" data-id=\"b3423d8\" data-element_type=\"section\">\n\t\t\t\t\t\t<div class=\"elementor-container elementor-column-gap-default\">\n\t\t\t\t\t<div class=\"elementor-column elementor-col-100 elementor-top-column elementor-element elementor-element-e7c8502\" data-id=\"e7c8502\" data-element_type=\"column\">\n\t\t\t<div class=\"elementor-widget-wrap elementor-element-populated\">\n\t\t\t\t\t\t<div class=\"elementor-element elementor-element-27b8fc12 elementor-widget elementor-widget-text-editor\" data-id=\"27b8fc12\" data-element_type=\"widget\" data-widget_type=\"text-editor.default\">\n\t\t\t\t<div class=\"elementor-widget-container\">\n\t\t\t\t\t\t\t<p><strong><img fetchpriority=\"high\" decoding=\"async\" class=\"alignleft wp-image-2319 size-full\" src=\"https:\/\/www.cirtes.com\/wp-content\/uploads\/2012\/05\/ClaudeBarlier. jpg\" alt=\"\" width=\"300\" height=\"300\" \/>Pr HDR,<\/strong> Agr\u00e9g\u00e9 de g\u00e9nie m\u00e9canique de l&rsquo;ENS Cachan, <strong>Docteur<\/strong> de l&rsquo;ENSAM Paris, Claude Barlier, specializing in Additive Manufacturing and in the digital pipeline of Rapid Product Development, was a Professor of Superior Chair in Math Sp\u00e9 Technologique until 1998 and then Professor of Exceptional Class, of the Institut Mines-Telecom, until 2016. <br \/>In the 1980s, his research work was the origin of the patented Stratoconception<sup>\u00ae<\/sup> Additive Manufacturing process and the patented Actarus<sup>\u00ae<\/sup> machining monitoring system. <br \/>In 1991, based on his patented work, he created and has since directed the <strong>CIRTES SA<\/strong> in Saint-Di\u00e9-des-Vosges, a SRC that has become a leader in <strong>Additive Manufacturing<\/strong> (rapid prototyping and tooling) and <strong>advanced machining. <\/strong><br \/>In 2000, he created the spin-off <strong>Actarus SAS<\/strong> and then with Mines Nancy and Mines Albi, he initiated the GIP-InSIC Engineering School, Institut Sup\u00e9rieur d&rsquo;Ing\u00e9nierie de la Conception, which he directed since the creation until December 2015. <br \/>In 2010, he creates, with <strong>20 associated industrial and financial partners,<\/strong> the nationally labeled Plate-Forme d&rsquo;Innovation <strong>INORI SAS<\/strong>, which he has chaired since. <br \/>He is in fact the founder of <strong>VirtuReal<sup>\u00ae<\/sup> \u00ab\u00a0from the Virtual, to the Real, &#8230;\u00a0\u00bb,<\/strong> the Rapid Product Development cluster, in Saint-Di\u00e9-des-Vosges, a European cluster of excellence that <strong>combines today on the same site<\/strong> all these complementary structures, from research to industrialization. <br \/>Author of numerous patents and publications, several reference books and software in mechanics to Dunod, Casteilla and Foucher Editions, he coordinated the collective work Referential \u00ab\u00a0design in industrial mechanics\u00a0\u00bb to DUNOD Editions. He is the initiative and co-author of <strong>the reference book on Additive Manufacturing, published by DUNOD<\/strong> in September 2015.<br \/>His research work is now recognized and widely disseminated internationally, it is the subject of awards and regularly European projects, important industrial partnerships and licensing. He is the originator of the <strong>patented<\/strong> 3D digital packaging process: <strong>Pack&amp;Strat<sup>\u00ae<\/sup>.<\/strong><\/p>\n<p>As a Corresponding Fellow since February 2010, he was <strong>elected Full Member of the Academy of STANISLAS<\/strong> in 2014. <br \/>He is <strong>Chevalier de la L\u00e9gion d&rsquo;Honneur<\/strong> (2013), <strong>Chevalier de l&rsquo;Ordre National du M\u00e9rite<\/strong> (2002) and <strong>Chevalier dans l&rsquo;ordre des Palmes Acad\u00e9miques<\/strong> (2016). <br \/>Claude Barlier is married and has two daughters.<\/p>\n<p>Today, he is Chairman of the Executive Board of CIRTES SA, Chairman of INORI SAS, and Chairman of Actarus SAS.<\/p>\n\t\t\t\t\t\t<\/div>\n\t\t\t\t<\/div>\n\t\t\t\t\t<\/div>\n\t\t<\/div>\n\t\t\t\t\t<\/div>\n\t\t<\/section>\n\t\t\t\t<section data-particle_enable=\"false\" data-particle-mobile-disabled=\"false\" class=\"elementor-section elementor-top-section elementor-element elementor-element-b5403ca elementor-section-full_width elementor-section-height-default elementor-section-height-default\" data-id=\"b5403ca\" data-element_type=\"section\">\n\t\t\t\t\t\t<div class=\"elementor-container elementor-column-gap-default\">\n\t\t\t\t\t<div class=\"elementor-column elementor-col-100 elementor-top-column elementor-element elementor-element-5e0d9546\" data-id=\"5e0d9546\" data-element_type=\"column\">\n\t\t\t<div class=\"elementor-widget-wrap elementor-element-populated\">\n\t\t\t\t\t\t<div class=\"elementor-element elementor-element-14bfb9d elementor-widget elementor-widget-video\" data-id=\"14bfb9d\" data-element_type=\"widget\" data-settings=\"{&quot;youtube_url&quot;:&quot;https:\\\/\\\/www.youtube.com\\\/watch?v=AZ5_Tqi60Bo&amp;feature=emb_title&quot;,&quot;video_type&quot;:&quot;youtube&quot;,&quot;controls&quot;:&quot;yes&quot;}\" data-widget_type=\"video.default\">\n\t\t\t\t<div class=\"elementor-widget-container\">\n\t\t\t\t\t<div class=\"elementor-wrapper elementor-open-inline\">\n\t\t\t<div class=\"elementor-video\"><\/div>\t\t<\/div>\n\t\t\t\t<\/div>\n\t\t\t\t<\/div>\n\t\t\t\t<div class=\"elementor-element elementor-element-302eacb elementor-widget elementor-widget-text-editor\" data-id=\"302eacb\" data-element_type=\"widget\" data-widget_type=\"text-editor.default\">\n\t\t\t\t<div class=\"elementor-widget-container\">\n\t\t\t\t\t\t\t<p>Claude Barlier receives the Legion of Honor<\/p>\n\t\t\t\t\t\t<\/div>\n\t\t\t\t<\/div>\n\t\t\t\t\t<\/div>\n\t\t<\/div>\n\t\t\t\t\t<\/div>\n\t\t<\/section>\n\t\t\t\t<\/div>\n\t\t","protected":false},"excerpt":{"rendered":"<p>Pr HDR, Agr\u00e9g\u00e9 de g\u00e9nie m\u00e9canique de l&rsquo;ENS Cachan, Docteur de l&rsquo;ENSAM Paris, Claude Barlier, specializing in Additive Manufacturing and in the digital pipeline of Rapid Product Development, was a Professor of Superior Chair in Math Sp\u00e9 Technologique until 1998 and then Professor of Exceptional Class, of the Institut Mines-Telecom, until 2016. In the 1980s, [&hellip;]<\/p>\n","protected":false},"author":1,"featured_media":0,"parent":5215,"menu_order":0,"comment_status":"closed","ping_status":"closed","template":"","meta":{"ocean_post_layout":"","ocean_both_sidebars_style":"","ocean_both_sidebars_content_width":0,"ocean_both_sidebars_sidebars_width":0,"ocean_sidebar":"0","ocean_second_sidebar":"0","ocean_disable_margins":"enable","ocean_add_body_class":"","ocean_shortcode_before_top_bar":"","ocean_shortcode_after_top_bar":"","ocean_shortcode_before_header":"","ocean_shortcode_after_header":"","ocean_has_shortcode":"","ocean_shortcode_after_title":"","ocean_shortcode_before_footer_widgets":"","ocean_shortcode_after_footer_widgets":"","ocean_shortcode_before_footer_bottom":"","ocean_shortcode_after_footer_bottom":"","ocean_display_top_bar":"default","ocean_display_header":"default","ocean_header_style":"","ocean_center_header_left_menu":"0","ocean_custom_header_template":"0","ocean_custom_logo":0,"ocean_custom_retina_logo":0,"ocean_custom_logo_max_width":0,"ocean_custom_logo_tablet_max_width":0,"ocean_custom_logo_mobile_max_width":0,"ocean_custom_logo_max_height":0,"ocean_custom_logo_tablet_max_height":0,"ocean_custom_logo_mobile_max_height":0,"ocean_header_custom_menu":"0","ocean_menu_typo_font_family":"0","ocean_menu_typo_font_subset":"","ocean_menu_typo_font_size":0,"ocean_menu_typo_font_size_tablet":0,"ocean_menu_typo_font_size_mobile":0,"ocean_menu_typo_font_size_unit":"px","ocean_menu_typo_font_weight":"","ocean_menu_typo_font_weight_tablet":"","ocean_menu_typo_font_weight_mobile":"","ocean_menu_typo_transform":"","ocean_menu_typo_transform_tablet":"","ocean_menu_typo_transform_mobile":"","ocean_menu_typo_line_height":0,"ocean_menu_typo_line_height_tablet":0,"ocean_menu_typo_line_height_mobile":0,"ocean_menu_typo_line_height_unit":"","ocean_menu_typo_spacing":0,"ocean_menu_typo_spacing_tablet":0,"ocean_menu_typo_spacing_mobile":0,"ocean_menu_typo_spacing_unit":"","ocean_menu_link_color":"","ocean_menu_link_color_hover":"","ocean_menu_link_color_active":"","ocean_menu_link_background":"","ocean_menu_link_hover_background":"","ocean_menu_link_active_background":"","ocean_menu_social_links_bg":"","ocean_menu_social_hover_links_bg":"","ocean_menu_social_links_color":"","ocean_menu_social_hover_links_color":"","ocean_disable_title":"enable","ocean_disable_heading":"on","ocean_post_title":"","ocean_post_subheading":"","ocean_post_title_style":"background-image","ocean_post_title_background_color":"","ocean_post_title_background":0,"ocean_post_title_bg_image_position":"","ocean_post_title_bg_image_attachment":"","ocean_post_title_bg_image_repeat":"","ocean_post_title_bg_image_size":"","ocean_post_title_height":0,"ocean_post_title_bg_overlay":0.5,"ocean_post_title_bg_overlay_color":"","ocean_disable_breadcrumbs":"default","ocean_breadcrumbs_color":"","ocean_breadcrumbs_separator_color":"","ocean_breadcrumbs_links_color":"","ocean_breadcrumbs_links_hover_color":"","ocean_display_footer_widgets":"default","ocean_display_footer_bottom":"default","ocean_custom_footer_template":"11118","osh_disable_topbar_sticky":"default","osh_disable_header_sticky":"default","osh_sticky_header_style":"default","osh_sticky_header_effect":"","osh_custom_sticky_logo":0,"osh_custom_retina_sticky_logo":0,"osh_custom_sticky_logo_height":0,"osh_background_color":"","osh_links_color":"","osh_links_hover_color":"","osh_links_active_color":"","osh_links_bg_color":"","osh_links_hover_bg_color":"","osh_links_active_bg_color":"","osh_menu_social_links_color":"","osh_menu_social_hover_links_color":"","footnotes":""},"class_list":["post-5168","page","type-page","status-publish","hentry","entry"],"yoast_head":"<!-- This site is optimized with the Yoast SEO plugin v21.8.1 - https:\/\/yoast.com\/wordpress\/plugins\/seo\/ -->\n<title>Claude BARLIER - CIRTES<\/title>\n<meta name=\"robots\" content=\"index, follow, max-snippet:-1, max-image-preview:large, max-video-preview:-1\" \/>\n<link rel=\"canonical\" href=\"https:\/\/www.cirtes.com\/?page_id=5168&lang=en\" \/>\n<meta property=\"og:locale\" content=\"fr_FR\" \/>\n<meta property=\"og:type\" content=\"article\" \/>\n<meta property=\"og:title\" content=\"Claude BARLIER - CIRTES\" \/>\n<meta property=\"og:description\" content=\"Pr HDR, Agr\u00e9g\u00e9 de g\u00e9nie m\u00e9canique de l&rsquo;ENS Cachan, Docteur de l&rsquo;ENSAM Paris, Claude Barlier, specializing in Additive Manufacturing and in the digital pipeline of Rapid Product Development, was a Professor of Superior Chair in Math Sp\u00e9 Technologique until 1998 and then Professor of Exceptional Class, of the Institut Mines-Telecom, until 2016. In the 1980s, [&hellip;]\" \/>\n<meta property=\"og:url\" content=\"https:\/\/www.cirtes.com\/?page_id=5168&amp;lang=en\" \/>\n<meta property=\"og:site_name\" content=\"CIRTES\" \/>\n<meta property=\"article:modified_time\" content=\"2021-04-22T15:06:50+00:00\" \/>\n<meta name=\"twitter:card\" content=\"summary_large_image\" \/>\n<meta name=\"twitter:label1\" content=\"Dur\u00e9e de lecture estim\u00e9e\" \/>\n\t<meta name=\"twitter:data1\" content=\"2 minutes\" \/>\n<script type=\"application\/ld+json\" class=\"yoast-schema-graph\">{\"@context\":\"https:\/\/schema.org\",\"@graph\":[{\"@type\":\"WebPage\",\"@id\":\"https:\/\/www.cirtes.com\/?page_id=5168&lang=en\",\"url\":\"https:\/\/www.cirtes.com\/?page_id=5168&lang=en\",\"name\":\"Claude BARLIER - CIRTES\",\"isPartOf\":{\"@id\":\"https:\/\/www.cirtes.com\/#website\"},\"datePublished\":\"2017-09-21T14:32:16+00:00\",\"dateModified\":\"2021-04-22T15:06:50+00:00\",\"breadcrumb\":{\"@id\":\"https:\/\/www.cirtes.com\/?page_id=5168&lang=en#breadcrumb\"},\"inLanguage\":\"fr-FR\",\"potentialAction\":[{\"@type\":\"ReadAction\",\"target\":[\"https:\/\/www.cirtes.com\/?page_id=5168&lang=en\"]}]},{\"@type\":\"BreadcrumbList\",\"@id\":\"https:\/\/www.cirtes.com\/?page_id=5168&lang=en#breadcrumb\",\"itemListElement\":[{\"@type\":\"ListItem\",\"position\":1,\"name\":\"Accueil\",\"item\":\"https:\/\/www.cirtes.com\/\"},{\"@type\":\"ListItem\",\"position\":2,\"name\":\"Presentation\",\"item\":\"https:\/\/www.cirtes.com\/?page_id=6790&lang=en\"},{\"@type\":\"ListItem\",\"position\":3,\"name\":\"Team\",\"item\":\"https:\/\/www.cirtes.com\/?page_id=5215&lang=en\"},{\"@type\":\"ListItem\",\"position\":4,\"name\":\"Claude BARLIER\"}]},{\"@type\":\"WebSite\",\"@id\":\"https:\/\/www.cirtes.com\/#website\",\"url\":\"https:\/\/www.cirtes.com\/\",\"name\":\"CIRTES\",\"description\":\"Fabrication Additive et Usinage Avanc\u00e9\",\"publisher\":{\"@id\":\"https:\/\/www.cirtes.com\/#organization\"},\"potentialAction\":[{\"@type\":\"SearchAction\",\"target\":{\"@type\":\"EntryPoint\",\"urlTemplate\":\"https:\/\/www.cirtes.com\/?s={search_term_string}\"},\"query-input\":\"required name=search_term_string\"}],\"inLanguage\":\"fr-FR\"},{\"@type\":\"Organization\",\"@id\":\"https:\/\/www.cirtes.com\/#organization\",\"name\":\"CIRTES\",\"url\":\"https:\/\/www.cirtes.com\/\",\"logo\":{\"@type\":\"ImageObject\",\"inLanguage\":\"fr-FR\",\"@id\":\"https:\/\/www.cirtes.com\/#\/schema\/logo\/image\/\",\"url\":\"https:\/\/www.cirtes.com\/wp-content\/uploads\/2016\/05\/unnamed-2.png\",\"contentUrl\":\"https:\/\/www.cirtes.com\/wp-content\/uploads\/2016\/05\/unnamed-2.png\",\"width\":300,\"height\":95,\"caption\":\"CIRTES\"},\"image\":{\"@id\":\"https:\/\/www.cirtes.com\/#\/schema\/logo\/image\/\"},\"sameAs\":[\"https:\/\/www.linkedin.com\/company\/cirtes\"]}]}<\/script>\n<!-- \/ Yoast SEO plugin. -->","yoast_head_json":{"title":"Claude BARLIER - CIRTES","robots":{"index":"index","follow":"follow","max-snippet":"max-snippet:-1","max-image-preview":"max-image-preview:large","max-video-preview":"max-video-preview:-1"},"canonical":"https:\/\/www.cirtes.com\/?page_id=5168&lang=en","og_locale":"fr_FR","og_type":"article","og_title":"Claude BARLIER - CIRTES","og_description":"Pr HDR, Agr\u00e9g\u00e9 de g\u00e9nie m\u00e9canique de l&rsquo;ENS Cachan, Docteur de l&rsquo;ENSAM Paris, Claude Barlier, specializing in Additive Manufacturing and in the digital pipeline of Rapid Product Development, was a Professor of Superior Chair in Math Sp\u00e9 Technologique until 1998 and then Professor of Exceptional Class, of the Institut Mines-Telecom, until 2016. In the 1980s, [&hellip;]","og_url":"https:\/\/www.cirtes.com\/?page_id=5168&lang=en","og_site_name":"CIRTES","article_modified_time":"2021-04-22T15:06:50+00:00","twitter_card":"summary_large_image","twitter_misc":{"Dur\u00e9e de lecture estim\u00e9e":"2 minutes"},"schema":{"@context":"https:\/\/schema.org","@graph":[{"@type":"WebPage","@id":"https:\/\/www.cirtes.com\/?page_id=5168&lang=en","url":"https:\/\/www.cirtes.com\/?page_id=5168&lang=en","name":"Claude BARLIER - CIRTES","isPartOf":{"@id":"https:\/\/www.cirtes.com\/#website"},"datePublished":"2017-09-21T14:32:16+00:00","dateModified":"2021-04-22T15:06:50+00:00","breadcrumb":{"@id":"https:\/\/www.cirtes.com\/?page_id=5168&lang=en#breadcrumb"},"inLanguage":"fr-FR","potentialAction":[{"@type":"ReadAction","target":["https:\/\/www.cirtes.com\/?page_id=5168&lang=en"]}]},{"@type":"BreadcrumbList","@id":"https:\/\/www.cirtes.com\/?page_id=5168&lang=en#breadcrumb","itemListElement":[{"@type":"ListItem","position":1,"name":"Accueil","item":"https:\/\/www.cirtes.com\/"},{"@type":"ListItem","position":2,"name":"Presentation","item":"https:\/\/www.cirtes.com\/?page_id=6790&lang=en"},{"@type":"ListItem","position":3,"name":"Team","item":"https:\/\/www.cirtes.com\/?page_id=5215&lang=en"},{"@type":"ListItem","position":4,"name":"Claude BARLIER"}]},{"@type":"WebSite","@id":"https:\/\/www.cirtes.com\/#website","url":"https:\/\/www.cirtes.com\/","name":"CIRTES","description":"Fabrication Additive et Usinage Avanc\u00e9","publisher":{"@id":"https:\/\/www.cirtes.com\/#organization"},"potentialAction":[{"@type":"SearchAction","target":{"@type":"EntryPoint","urlTemplate":"https:\/\/www.cirtes.com\/?s={search_term_string}"},"query-input":"required name=search_term_string"}],"inLanguage":"fr-FR"},{"@type":"Organization","@id":"https:\/\/www.cirtes.com\/#organization","name":"CIRTES","url":"https:\/\/www.cirtes.com\/","logo":{"@type":"ImageObject","inLanguage":"fr-FR","@id":"https:\/\/www.cirtes.com\/#\/schema\/logo\/image\/","url":"https:\/\/www.cirtes.com\/wp-content\/uploads\/2016\/05\/unnamed-2.png","contentUrl":"https:\/\/www.cirtes.com\/wp-content\/uploads\/2016\/05\/unnamed-2.png","width":300,"height":95,"caption":"CIRTES"},"image":{"@id":"https:\/\/www.cirtes.com\/#\/schema\/logo\/image\/"},"sameAs":["https:\/\/www.linkedin.com\/company\/cirtes"]}]}},"_links":{"self":[{"href":"https:\/\/www.cirtes.com\/index.php?rest_route=\/wp\/v2\/pages\/5168","targetHints":{"allow":["GET"]}}],"collection":[{"href":"https:\/\/www.cirtes.com\/index.php?rest_route=\/wp\/v2\/pages"}],"about":[{"href":"https:\/\/www.cirtes.com\/index.php?rest_route=\/wp\/v2\/types\/page"}],"author":[{"embeddable":true,"href":"https:\/\/www.cirtes.com\/index.php?rest_route=\/wp\/v2\/users\/1"}],"replies":[{"embeddable":true,"href":"https:\/\/www.cirtes.com\/index.php?rest_route=%2Fwp%2Fv2%2Fcomments&post=5168"}],"version-history":[{"count":8,"href":"https:\/\/www.cirtes.com\/index.php?rest_route=\/wp\/v2\/pages\/5168\/revisions"}],"predecessor-version":[{"id":11443,"href":"https:\/\/www.cirtes.com\/index.php?rest_route=\/wp\/v2\/pages\/5168\/revisions\/11443"}],"up":[{"embeddable":true,"href":"https:\/\/www.cirtes.com\/index.php?rest_route=\/wp\/v2\/pages\/5215"}],"wp:attachment":[{"href":"https:\/\/www.cirtes.com\/index.php?rest_route=%2Fwp%2Fv2%2Fmedia&parent=5168"}],"curies":[{"name":"wp","href":"https:\/\/api.w.org\/{rel}","templated":true}]}}