{"id":3868,"date":"2017-03-01T10:43:09","date_gmt":"2017-03-01T09:43:09","guid":{"rendered":"http:\/\/mirroir.cirtes.com\/cirtes\/?page_id=3868"},"modified":"2021-03-22T16:27:23","modified_gmt":"2021-03-22T15:27:23","slug":"claude-barlier","status":"publish","type":"page","link":"https:\/\/www.cirtes.com\/?page_id=3868","title":{"rendered":"Claude BARLIER"},"content":{"rendered":"\t\t<div data-elementor-type=\"wp-page\" data-elementor-id=\"3868\" class=\"elementor elementor-3868\">\n\t\t\t\t\t\t<section data-particle_enable=\"false\" data-particle-mobile-disabled=\"false\" class=\"elementor-section elementor-top-section elementor-element elementor-element-b3423d8 elementor-section-full_width elementor-section-height-default elementor-section-height-default\" data-id=\"b3423d8\" data-element_type=\"section\">\n\t\t\t\t\t\t<div class=\"elementor-container elementor-column-gap-default\">\n\t\t\t\t\t<div class=\"elementor-column elementor-col-100 elementor-top-column elementor-element elementor-element-e7c8502\" data-id=\"e7c8502\" data-element_type=\"column\">\n\t\t\t<div class=\"elementor-widget-wrap elementor-element-populated\">\n\t\t\t\t\t\t<div class=\"elementor-element elementor-element-27b8fc12 elementor-widget elementor-widget-text-editor\" data-id=\"27b8fc12\" data-element_type=\"widget\" data-widget_type=\"text-editor.default\">\n\t\t\t\t<div class=\"elementor-widget-container\">\n\t\t\t\t\t\t\t<p><strong><img fetchpriority=\"high\" decoding=\"async\" class=\"alignleft wp-image-2319 size-full\" src=\"https:\/\/www.cirtes.com\/wp-content\/uploads\/2012\/05\/ClaudeBarlier.jpg\" alt=\"\" width=\"300\" height=\"300\" srcset=\"https:\/\/www.cirtes.com\/wp-content\/uploads\/2012\/05\/ClaudeBarlier.jpg 300w, https:\/\/www.cirtes.com\/wp-content\/uploads\/2012\/05\/ClaudeBarlier-150x150.jpg 150w\" sizes=\"(max-width: 300px) 100vw, 300px\" \/>Pr HDR,<\/strong> Agr\u00e9g\u00e9 de g\u00e9nie m\u00e9canique de l\u2019ENS Cachan, <strong>Docteur<\/strong> de l&rsquo;ENSAM Paris, Claude Barlier, sp\u00e9cialis\u00e9 dans la Fabrication Additive et dans la fili\u00e8re num\u00e9rique du D\u00e9veloppement Rapide de Produit, a \u00e9t\u00e9 Professeur de Chaire Sup\u00e9rieure en Math Sp\u00e9 Technologique jusqu\u2019en 1998 puis Professeur de Classe Exceptionnelle, de l\u2019Institut Mines-Telecom, jusqu\u2019en 2016.<br \/>Dans les ann\u00e9es 80, ses travaux de recherche sont \u00e0 l\u2019origine du proc\u00e9d\u00e9 brevet\u00e9 de Fabrication Additive Stratoconception<sup>\u00ae<\/sup> et du syst\u00e8me brevet\u00e9 de surveillance de l\u2019usinage Actarus<sup>\u00ae<\/sup>.<br \/>En 1991, \u00e0 partir de ses travaux brevet\u00e9s, il cr\u00e9e et depuis, dirige le <strong>CIRTES SA<\/strong> \u00e0 Saint-Di\u00e9-des-Vosges, SRC devenue leader dans la <strong>Fabrication Additive<\/strong> (prototypage et outillage rapides) et l\u2019<strong>usinage avanc\u00e9.<\/strong><br \/>En 2000, il cr\u00e9e la spin-off <strong>Actarus SAS<\/strong> puis avec Mines Nancy et Mines Albi, il initie l\u2019Ecole d\u2019Ing\u00e9nieur GIP-InSIC, Institut Sup\u00e9rieur d\u2019Ing\u00e9nierie de la Conception, qu\u2019il a dirig\u00e9 depuis la cr\u00e9ation jusqu\u2019en d\u00e9cembre 2015.<br \/>En 2010, il cr\u00e9e, avec <strong>20 partenaires industriels et financiers associ\u00e9s,<\/strong> la Plate-Forme d\u2019Innovation <strong>INORI SAS<\/strong> labellis\u00e9e au plan national, qu\u2019il pr\u00e9side depuis.<br \/>Il est de fait le fondateur de <strong>VirtuReal<sup>\u00ae<\/sup> \u00ab du Virtuel, au R\u00e9el, \u2026 \u00bb,<\/strong> le p\u00f4le du D\u00e9veloppement Rapide de Produit, \u00e0 Saint-Di\u00e9-des-Vosges, p\u00f4le d\u2019excellence europ\u00e9en qui <strong>regroupe aujourd\u2019hui sur un m\u00eame site<\/strong> toutes ces structures compl\u00e9mentaires, de la recherche \u00e0 l\u2019industrialisation.<br \/>Auteur de nombreux brevets et publications, de plusieurs ouvrages de r\u00e9f\u00e9rence et logiciels en m\u00e9canique aux Editions Dunod, Casteilla et Foucher, il a coordonn\u00e9 aux \u00e9ditions DUNOD l&rsquo;ouvrage collectif R\u00e9f\u00e9rentiel \u00ab\u00a0conception en m\u00e9canique industrielle\u00a0\u00bb. Il est \u00e0 l\u2019initiative et coauteur de <strong>l\u2019ouvrage de r\u00e9f\u00e9rence sur la Fabrication Additive, paru chez DUNOD<\/strong> en septembre 2015.<br \/>Ses travaux de recherche sont aujourd\u2019hui reconnus et largement diffus\u00e9s sur le plan international, ils font l\u2019objet de prix et r\u00e9guli\u00e8rement de projets europ\u00e9ens, de partenariats industriels importants et de concessions de licences. Il est \u00e0 l\u2019origine du <strong>proc\u00e9d\u00e9<\/strong> brevet\u00e9 d\u2019emballage num\u00e9rique 3D : <strong>Pack&amp;Strat<sup>\u00ae<\/sup>.<\/strong><\/p><p>Associ\u00e9 correspondant depuis f\u00e9vrier 2010, il a \u00e9t\u00e9 <strong>\u00e9lu Membre titulaire de l\u2019Acad\u00e9mie de STANISLAS<\/strong> en 2014.<br \/>Il est <strong>Chevalier de la L\u00e9gion d\u2019Honneur<\/strong> (2013), <strong>Chevalier de l\u2019Ordre National du M\u00e9rite<\/strong> (2002) et <strong>Chevalier dans l\u2019ordre des Palmes Acad\u00e9miques<\/strong> (2016).<br \/>Claude Barlier est mari\u00e9 et p\u00e8re de deux filles.<\/p><p>Aujourd\u2019hui, il est Pr\u00e9sident du Directoire de CIRTES SA, Pr\u00e9sident d\u2019INORI SAS, et Pr\u00e9sident d&rsquo;Actarus SAS.<\/p>\t\t\t\t\t\t<\/div>\n\t\t\t\t<\/div>\n\t\t\t\t\t<\/div>\n\t\t<\/div>\n\t\t\t\t\t<\/div>\n\t\t<\/section>\n\t\t\t\t<section data-particle_enable=\"false\" data-particle-mobile-disabled=\"false\" class=\"elementor-section elementor-top-section elementor-element elementor-element-b5403ca elementor-section-full_width elementor-section-height-default elementor-section-height-default\" data-id=\"b5403ca\" data-element_type=\"section\">\n\t\t\t\t\t\t<div class=\"elementor-container elementor-column-gap-default\">\n\t\t\t\t\t<div class=\"elementor-column elementor-col-100 elementor-top-column elementor-element elementor-element-5e0d9546\" data-id=\"5e0d9546\" data-element_type=\"column\">\n\t\t\t<div class=\"elementor-widget-wrap elementor-element-populated\">\n\t\t\t\t\t\t<div class=\"elementor-element elementor-element-14bfb9d elementor-widget elementor-widget-video\" data-id=\"14bfb9d\" data-element_type=\"widget\" data-settings=\"{&quot;youtube_url&quot;:&quot;https:\\\/\\\/www.youtube.com\\\/watch?v=AZ5_Tqi60Bo&amp;feature=emb_title&quot;,&quot;video_type&quot;:&quot;youtube&quot;,&quot;controls&quot;:&quot;yes&quot;}\" data-widget_type=\"video.default\">\n\t\t\t\t<div class=\"elementor-widget-container\">\n\t\t\t\t\t<div class=\"elementor-wrapper elementor-open-inline\">\n\t\t\t<div class=\"elementor-video\"><\/div>\t\t<\/div>\n\t\t\t\t<\/div>\n\t\t\t\t<\/div>\n\t\t\t\t<div class=\"elementor-element elementor-element-302eacb elementor-widget elementor-widget-text-editor\" data-id=\"302eacb\" data-element_type=\"widget\" data-widget_type=\"text-editor.default\">\n\t\t\t\t<div class=\"elementor-widget-container\">\n\t\t\t\t\t\t\t<p>Claude Barlier re\u00e7oit la L\u00e9gion d\u2019Honneur<\/p>\t\t\t\t\t\t<\/div>\n\t\t\t\t<\/div>\n\t\t\t\t\t<\/div>\n\t\t<\/div>\n\t\t\t\t\t<\/div>\n\t\t<\/section>\n\t\t\t\t<\/div>\n\t\t","protected":false},"excerpt":{"rendered":"<p>Pr HDR, Agr\u00e9g\u00e9 de g\u00e9nie m\u00e9canique de l\u2019ENS Cachan, Docteur de l&rsquo;ENSAM Paris, Claude Barlier, sp\u00e9cialis\u00e9 dans la Fabrication Additive et dans la fili\u00e8re num\u00e9rique du D\u00e9veloppement Rapide de Produit, a \u00e9t\u00e9 Professeur de Chaire Sup\u00e9rieure en Math Sp\u00e9 Technologique jusqu\u2019en 1998 puis Professeur de Classe Exceptionnelle, de l\u2019Institut Mines-Telecom, jusqu\u2019en 2016.Dans les ann\u00e9es 80, [&hellip;]<\/p>\n","protected":false},"author":1,"featured_media":0,"parent":2916,"menu_order":0,"comment_status":"closed","ping_status":"closed","template":"","meta":{"ocean_post_layout":"full-screen","ocean_both_sidebars_style":"","ocean_both_sidebars_content_width":0,"ocean_both_sidebars_sidebars_width":0,"ocean_sidebar":"0","ocean_second_sidebar":"0","ocean_disable_margins":"enable","ocean_add_body_class":"","ocean_shortcode_before_top_bar":"","ocean_shortcode_after_top_bar":"","ocean_shortcode_before_header":"","ocean_shortcode_after_header":"","ocean_has_shortcode":"","ocean_shortcode_after_title":"","ocean_shortcode_before_footer_widgets":"","ocean_shortcode_after_footer_widgets":"","ocean_shortcode_before_footer_bottom":"","ocean_shortcode_after_footer_bottom":"","ocean_display_top_bar":"default","ocean_display_header":"default","ocean_header_style":"","ocean_center_header_left_menu":"0","ocean_custom_header_template":"0","ocean_custom_logo":0,"ocean_custom_retina_logo":0,"ocean_custom_logo_max_width":0,"ocean_custom_logo_tablet_max_width":0,"ocean_custom_logo_mobile_max_width":0,"ocean_custom_logo_max_height":0,"ocean_custom_logo_tablet_max_height":0,"ocean_custom_logo_mobile_max_height":0,"ocean_header_custom_menu":"0","ocean_menu_typo_font_family":"0","ocean_menu_typo_font_subset":"","ocean_menu_typo_font_size":0,"ocean_menu_typo_font_size_tablet":0,"ocean_menu_typo_font_size_mobile":0,"ocean_menu_typo_font_size_unit":"px","ocean_menu_typo_font_weight":"","ocean_menu_typo_font_weight_tablet":"","ocean_menu_typo_font_weight_mobile":"","ocean_menu_typo_transform":"","ocean_menu_typo_transform_tablet":"","ocean_menu_typo_transform_mobile":"","ocean_menu_typo_line_height":0,"ocean_menu_typo_line_height_tablet":0,"ocean_menu_typo_line_height_mobile":0,"ocean_menu_typo_line_height_unit":"","ocean_menu_typo_spacing":0,"ocean_menu_typo_spacing_tablet":0,"ocean_menu_typo_spacing_mobile":0,"ocean_menu_typo_spacing_unit":"","ocean_menu_link_color":"","ocean_menu_link_color_hover":"","ocean_menu_link_color_active":"","ocean_menu_link_background":"","ocean_menu_link_hover_background":"","ocean_menu_link_active_background":"","ocean_menu_social_links_bg":"","ocean_menu_social_hover_links_bg":"","ocean_menu_social_links_color":"","ocean_menu_social_hover_links_color":"","ocean_disable_title":"enable","ocean_disable_heading":"on","ocean_post_title":"","ocean_post_subheading":"","ocean_post_title_style":"background-image","ocean_post_title_background_color":"","ocean_post_title_background":2330,"ocean_post_title_bg_image_position":"center center","ocean_post_title_bg_image_attachment":"","ocean_post_title_bg_image_repeat":"no-repeat","ocean_post_title_bg_image_size":"cover","ocean_post_title_height":200,"ocean_post_title_bg_overlay":0.4,"ocean_post_title_bg_overlay_color":"","ocean_disable_breadcrumbs":"default","ocean_breadcrumbs_color":"","ocean_breadcrumbs_separator_color":"","ocean_breadcrumbs_links_color":"","ocean_breadcrumbs_links_hover_color":"","ocean_display_footer_widgets":"default","ocean_display_footer_bottom":"default","ocean_custom_footer_template":"0","osh_disable_topbar_sticky":"default","osh_disable_header_sticky":"default","osh_sticky_header_style":"default","osh_sticky_header_effect":"","osh_custom_sticky_logo":0,"osh_custom_retina_sticky_logo":0,"osh_custom_sticky_logo_height":0,"osh_background_color":"","osh_links_color":"","osh_links_hover_color":"","osh_links_active_color":"","osh_links_bg_color":"","osh_links_hover_bg_color":"","osh_links_active_bg_color":"","osh_menu_social_links_color":"","osh_menu_social_hover_links_color":"","footnotes":""},"class_list":["post-3868","page","type-page","status-publish","hentry","entry"],"yoast_head":"<!-- This site is optimized with the Yoast SEO plugin v21.8.1 - https:\/\/yoast.com\/wordpress\/plugins\/seo\/ -->\n<title>Claude BARLIER - CIRTES<\/title>\n<meta name=\"robots\" content=\"index, follow, max-snippet:-1, max-image-preview:large, max-video-preview:-1\" \/>\n<link rel=\"canonical\" href=\"https:\/\/www.cirtes.com\/?page_id=3868\" \/>\n<meta property=\"og:locale\" content=\"fr_FR\" \/>\n<meta property=\"og:type\" content=\"article\" \/>\n<meta property=\"og:title\" content=\"Claude BARLIER - CIRTES\" \/>\n<meta property=\"og:description\" content=\"Pr HDR, Agr\u00e9g\u00e9 de g\u00e9nie m\u00e9canique de l\u2019ENS Cachan, Docteur de l&rsquo;ENSAM Paris, Claude Barlier, sp\u00e9cialis\u00e9 dans la Fabrication Additive et dans la fili\u00e8re num\u00e9rique du D\u00e9veloppement Rapide de Produit, a \u00e9t\u00e9 Professeur de Chaire Sup\u00e9rieure en Math Sp\u00e9 Technologique jusqu\u2019en 1998 puis Professeur de Classe Exceptionnelle, de l\u2019Institut Mines-Telecom, jusqu\u2019en 2016.Dans les ann\u00e9es 80, [&hellip;]\" \/>\n<meta property=\"og:url\" content=\"https:\/\/www.cirtes.com\/?page_id=3868\" \/>\n<meta property=\"og:site_name\" content=\"CIRTES\" \/>\n<meta property=\"article:modified_time\" content=\"2021-03-22T15:27:23+00:00\" \/>\n<meta property=\"og:image\" content=\"https:\/\/www.cirtes.com\/wp-content\/uploads\/2012\/05\/ClaudeBarlier.jpg\" \/>\n<meta name=\"twitter:card\" content=\"summary_large_image\" \/>\n<meta name=\"twitter:label1\" content=\"Dur\u00e9e de lecture estim\u00e9e\" \/>\n\t<meta name=\"twitter:data1\" content=\"2 minutes\" \/>\n<script type=\"application\/ld+json\" class=\"yoast-schema-graph\">{\"@context\":\"https:\/\/schema.org\",\"@graph\":[{\"@type\":\"WebPage\",\"@id\":\"https:\/\/www.cirtes.com\/?page_id=3868\",\"url\":\"https:\/\/www.cirtes.com\/?page_id=3868\",\"name\":\"Claude BARLIER - CIRTES\",\"isPartOf\":{\"@id\":\"https:\/\/www.cirtes.com\/#website\"},\"datePublished\":\"2017-03-01T09:43:09+00:00\",\"dateModified\":\"2021-03-22T15:27:23+00:00\",\"breadcrumb\":{\"@id\":\"https:\/\/www.cirtes.com\/?page_id=3868#breadcrumb\"},\"inLanguage\":\"fr-FR\",\"potentialAction\":[{\"@type\":\"ReadAction\",\"target\":[\"https:\/\/www.cirtes.com\/?page_id=3868\"]}]},{\"@type\":\"BreadcrumbList\",\"@id\":\"https:\/\/www.cirtes.com\/?page_id=3868#breadcrumb\",\"itemListElement\":[{\"@type\":\"ListItem\",\"position\":1,\"name\":\"Accueil\",\"item\":\"https:\/\/www.cirtes.com\/\"},{\"@type\":\"ListItem\",\"position\":2,\"name\":\"Pr\u00e9sentation\",\"item\":\"https:\/\/www.cirtes.com\/?page_id=6677\"},{\"@type\":\"ListItem\",\"position\":3,\"name\":\"L&rsquo;\u00e9quipe\",\"item\":\"https:\/\/www.cirtes.com\/?page_id=2916\"},{\"@type\":\"ListItem\",\"position\":4,\"name\":\"Claude BARLIER\"}]},{\"@type\":\"WebSite\",\"@id\":\"https:\/\/www.cirtes.com\/#website\",\"url\":\"https:\/\/www.cirtes.com\/\",\"name\":\"CIRTES\",\"description\":\"Fabrication Additive et Usinage Avanc\u00e9\",\"publisher\":{\"@id\":\"https:\/\/www.cirtes.com\/#organization\"},\"potentialAction\":[{\"@type\":\"SearchAction\",\"target\":{\"@type\":\"EntryPoint\",\"urlTemplate\":\"https:\/\/www.cirtes.com\/?s={search_term_string}\"},\"query-input\":\"required name=search_term_string\"}],\"inLanguage\":\"fr-FR\"},{\"@type\":\"Organization\",\"@id\":\"https:\/\/www.cirtes.com\/#organization\",\"name\":\"CIRTES\",\"url\":\"https:\/\/www.cirtes.com\/\",\"logo\":{\"@type\":\"ImageObject\",\"inLanguage\":\"fr-FR\",\"@id\":\"https:\/\/www.cirtes.com\/#\/schema\/logo\/image\/\",\"url\":\"https:\/\/www.cirtes.com\/wp-content\/uploads\/2016\/05\/unnamed-2.png\",\"contentUrl\":\"https:\/\/www.cirtes.com\/wp-content\/uploads\/2016\/05\/unnamed-2.png\",\"width\":300,\"height\":95,\"caption\":\"CIRTES\"},\"image\":{\"@id\":\"https:\/\/www.cirtes.com\/#\/schema\/logo\/image\/\"},\"sameAs\":[\"https:\/\/www.linkedin.com\/company\/cirtes\"]}]}<\/script>\n<!-- \/ Yoast SEO plugin. -->","yoast_head_json":{"title":"Claude BARLIER - CIRTES","robots":{"index":"index","follow":"follow","max-snippet":"max-snippet:-1","max-image-preview":"max-image-preview:large","max-video-preview":"max-video-preview:-1"},"canonical":"https:\/\/www.cirtes.com\/?page_id=3868","og_locale":"fr_FR","og_type":"article","og_title":"Claude BARLIER - CIRTES","og_description":"Pr HDR, Agr\u00e9g\u00e9 de g\u00e9nie m\u00e9canique de l\u2019ENS Cachan, Docteur de l&rsquo;ENSAM Paris, Claude Barlier, sp\u00e9cialis\u00e9 dans la Fabrication Additive et dans la fili\u00e8re num\u00e9rique du D\u00e9veloppement Rapide de Produit, a \u00e9t\u00e9 Professeur de Chaire Sup\u00e9rieure en Math Sp\u00e9 Technologique jusqu\u2019en 1998 puis Professeur de Classe Exceptionnelle, de l\u2019Institut Mines-Telecom, jusqu\u2019en 2016.Dans les ann\u00e9es 80, [&hellip;]","og_url":"https:\/\/www.cirtes.com\/?page_id=3868","og_site_name":"CIRTES","article_modified_time":"2021-03-22T15:27:23+00:00","og_image":[{"url":"https:\/\/www.cirtes.com\/wp-content\/uploads\/2012\/05\/ClaudeBarlier.jpg"}],"twitter_card":"summary_large_image","twitter_misc":{"Dur\u00e9e de lecture estim\u00e9e":"2 minutes"},"schema":{"@context":"https:\/\/schema.org","@graph":[{"@type":"WebPage","@id":"https:\/\/www.cirtes.com\/?page_id=3868","url":"https:\/\/www.cirtes.com\/?page_id=3868","name":"Claude BARLIER - CIRTES","isPartOf":{"@id":"https:\/\/www.cirtes.com\/#website"},"datePublished":"2017-03-01T09:43:09+00:00","dateModified":"2021-03-22T15:27:23+00:00","breadcrumb":{"@id":"https:\/\/www.cirtes.com\/?page_id=3868#breadcrumb"},"inLanguage":"fr-FR","potentialAction":[{"@type":"ReadAction","target":["https:\/\/www.cirtes.com\/?page_id=3868"]}]},{"@type":"BreadcrumbList","@id":"https:\/\/www.cirtes.com\/?page_id=3868#breadcrumb","itemListElement":[{"@type":"ListItem","position":1,"name":"Accueil","item":"https:\/\/www.cirtes.com\/"},{"@type":"ListItem","position":2,"name":"Pr\u00e9sentation","item":"https:\/\/www.cirtes.com\/?page_id=6677"},{"@type":"ListItem","position":3,"name":"L&rsquo;\u00e9quipe","item":"https:\/\/www.cirtes.com\/?page_id=2916"},{"@type":"ListItem","position":4,"name":"Claude BARLIER"}]},{"@type":"WebSite","@id":"https:\/\/www.cirtes.com\/#website","url":"https:\/\/www.cirtes.com\/","name":"CIRTES","description":"Fabrication Additive et Usinage Avanc\u00e9","publisher":{"@id":"https:\/\/www.cirtes.com\/#organization"},"potentialAction":[{"@type":"SearchAction","target":{"@type":"EntryPoint","urlTemplate":"https:\/\/www.cirtes.com\/?s={search_term_string}"},"query-input":"required name=search_term_string"}],"inLanguage":"fr-FR"},{"@type":"Organization","@id":"https:\/\/www.cirtes.com\/#organization","name":"CIRTES","url":"https:\/\/www.cirtes.com\/","logo":{"@type":"ImageObject","inLanguage":"fr-FR","@id":"https:\/\/www.cirtes.com\/#\/schema\/logo\/image\/","url":"https:\/\/www.cirtes.com\/wp-content\/uploads\/2016\/05\/unnamed-2.png","contentUrl":"https:\/\/www.cirtes.com\/wp-content\/uploads\/2016\/05\/unnamed-2.png","width":300,"height":95,"caption":"CIRTES"},"image":{"@id":"https:\/\/www.cirtes.com\/#\/schema\/logo\/image\/"},"sameAs":["https:\/\/www.linkedin.com\/company\/cirtes"]}]}},"_links":{"self":[{"href":"https:\/\/www.cirtes.com\/index.php?rest_route=\/wp\/v2\/pages\/3868","targetHints":{"allow":["GET"]}}],"collection":[{"href":"https:\/\/www.cirtes.com\/index.php?rest_route=\/wp\/v2\/pages"}],"about":[{"href":"https:\/\/www.cirtes.com\/index.php?rest_route=\/wp\/v2\/types\/page"}],"author":[{"embeddable":true,"href":"https:\/\/www.cirtes.com\/index.php?rest_route=\/wp\/v2\/users\/1"}],"replies":[{"embeddable":true,"href":"https:\/\/www.cirtes.com\/index.php?rest_route=%2Fwp%2Fv2%2Fcomments&post=3868"}],"version-history":[{"count":10,"href":"https:\/\/www.cirtes.com\/index.php?rest_route=\/wp\/v2\/pages\/3868\/revisions"}],"predecessor-version":[{"id":10435,"href":"https:\/\/www.cirtes.com\/index.php?rest_route=\/wp\/v2\/pages\/3868\/revisions\/10435"}],"up":[{"embeddable":true,"href":"https:\/\/www.cirtes.com\/index.php?rest_route=\/wp\/v2\/pages\/2916"}],"wp:attachment":[{"href":"https:\/\/www.cirtes.com\/index.php?rest_route=%2Fwp%2Fv2%2Fmedia&parent=3868"}],"curies":[{"name":"wp","href":"https:\/\/api.w.org\/{rel}","templated":true}]}}