{"id":3650,"date":"2017-02-14T10:58:47","date_gmt":"2017-02-14T09:58:47","guid":{"rendered":"http:\/\/www.dev.voo-voyez.fr\/cirtes\/?page_id=3650"},"modified":"2026-03-11T08:52:03","modified_gmt":"2026-03-11T07:52:03","slug":"offres-demploi-a-pourvoir","status":"publish","type":"page","link":"https:\/\/www.cirtes.com\/?page_id=3650","title":{"rendered":"Offres d&#8217;emploi \u00e0 pourvoir"},"content":{"rendered":"\t\t<div data-elementor-type=\"wp-page\" data-elementor-id=\"3650\" class=\"elementor elementor-3650\">\n\t\t\t\t\t\t<section data-particle_enable=\"false\" data-particle-mobile-disabled=\"false\" class=\"elementor-section elementor-top-section elementor-element elementor-element-6686ea87 elementor-section-boxed elementor-section-height-default elementor-section-height-default\" data-id=\"6686ea87\" data-element_type=\"section\">\n\t\t\t\t\t\t<div class=\"elementor-container elementor-column-gap-default\">\n\t\t\t\t\t<div class=\"elementor-column elementor-col-100 elementor-top-column elementor-element elementor-element-7d828ace\" data-id=\"7d828ace\" data-element_type=\"column\">\n\t\t\t<div class=\"elementor-widget-wrap elementor-element-populated\">\n\t\t\t\t\t\t<div class=\"elementor-element elementor-element-dc7670 elementor-widget elementor-widget-text-editor\" data-id=\"dc7670\" data-element_type=\"widget\" data-widget_type=\"text-editor.default\">\n\t\t\t\t<div class=\"elementor-widget-container\">\n\t\t\t\t\t\t\t<h1>Offres d&#8217;emploi \u00e0 pourvoir<\/h1>\n<img fetchpriority=\"high\" decoding=\"async\" class=\"alignleft wp-image-10269 size-medium\" src=\"\/wp-content\/uploads\/2021\/03\/recrutement-cirtes-300x200.jpg\" width=\"300\" height=\"200\" srcset=\"https:\/\/www.cirtes.com\/wp-content\/uploads\/2021\/03\/recrutement-cirtes-300x200.jpg 300w, https:\/\/www.cirtes.com\/wp-content\/uploads\/2021\/03\/recrutement-cirtes-1024x683.jpg 1024w, https:\/\/www.cirtes.com\/wp-content\/uploads\/2021\/03\/recrutement-cirtes-768x512.jpg 768w, https:\/\/www.cirtes.com\/wp-content\/uploads\/2021\/03\/recrutement-cirtes-600x400.jpg 600w, https:\/\/www.cirtes.com\/wp-content\/uploads\/2021\/03\/recrutement-cirtes-1536x1024.jpg 1536w, https:\/\/www.cirtes.com\/wp-content\/uploads\/2021\/03\/recrutement-cirtes.jpg 1920w\" sizes=\"(max-width: 300px) 100vw, 300px\" \/>\t\t\t\t\t\t<\/div>\n\t\t\t\t<\/div>\n\t\t\t\t\t<\/div>\n\t\t<\/div>\n\t\t\t\t\t<\/div>\n\t\t<\/section>\n\t\t\t\t<section data-particle_enable=\"false\" data-particle-mobile-disabled=\"false\" class=\"elementor-section elementor-top-section elementor-element elementor-element-75a4476 elementor-section-boxed elementor-section-height-default elementor-section-height-default\" data-id=\"75a4476\" data-element_type=\"section\">\n\t\t\t\t\t\t<div class=\"elementor-container elementor-column-gap-default\">\n\t\t\t\t\t<div class=\"elementor-column elementor-col-100 elementor-top-column elementor-element elementor-element-cae7304\" data-id=\"cae7304\" data-element_type=\"column\">\n\t\t\t<div class=\"elementor-widget-wrap elementor-element-populated\">\n\t\t\t\t\t\t<div class=\"elementor-element elementor-element-bc75ba7 elementor-widget elementor-widget-text-editor\" data-id=\"bc75ba7\" data-element_type=\"widget\" data-widget_type=\"text-editor.default\">\n\t\t\t\t<div class=\"elementor-widget-container\">\n\t\t\t\t\t\t\t<div class=\"mt4\"><h3>Nous recrutons un(e) Assistant(e) Usinage (Mars 2026) !<\/h3><p>Vous aimez l\u2019usinage de haute pr\u00e9cision, la fabrication de pi\u00e8ces \u00e0 forte valeur ajout\u00e9e et le travail en \u00e9quipe dans un environnement positif ? Cette opportunit\u00e9 est faite pour vous !<\/p><p>CIRTES recherche un(e) Assistant(e) Usinage pour renforcer son \u00e9quipe de production.<\/p><h3>Vos missions :<\/h3><p>\u2022 Conduire les op\u00e9rations d\u2019usinage<\/p><p>\u2022 Parachever et contr\u00f4ler les pi\u00e8ces<\/p><p>\u2022 Contribuer \u00e0 la qualit\u00e9 et \u00e0 la performance de la production<\/p><p>\u2022 G\u00e9rer la maintenance de premier niveau des \u00e9quipements<\/p><p>\u2022 Pr\u00e9parer le conditionnement et l\u2019exp\u00e9dition des pi\u00e8ces<\/p><h3>Votre profil :<\/h3><p>\u2022 CAP\/BEP, BAC PRO Usinage ou premi\u00e8re exp\u00e9rience en r\u00e9alisation de produits m\u00e9caniques ou productique<\/p><p>\u2022 Rigueur, dynamisme et motivation<\/p><p>\u2022 Envie d\u2019apprendre et d\u2019\u00e9voluer<\/p><h3>Type de contrat :<\/h3><p>CDD de 6 mois renouvelable avec possibilit\u00e9 d\u2019Heures Suppl\u00e9mentaires.<\/p><p>Poste \u00e0 pourvoir d\u00e8s que possible.<\/p><p>Int\u00e9ress\u00e9(e) ? Envoyez-nous votre CV et lettre de motivation par email : <a href=\"mailto:nathalie.collin@cirtes.fr\">nathalie.collin@cirtes.fr<\/a><\/p><p>Rejoignez-nous et participez \u00e0 la r\u00e9ussite de nos projets !<\/p><p>#Recrutement #Industrie #Usinage #Emploi #Production #Hiring #CIRTES<\/p><\/div>\t\t\t\t\t\t<\/div>\n\t\t\t\t<\/div>\n\t\t\t\t\t<\/div>\n\t\t<\/div>\n\t\t\t\t\t<\/div>\n\t\t<\/section>\n\t\t\t\t<\/div>\n\t\t","protected":false},"excerpt":{"rendered":"<p>Offres d&#8217;emploi \u00e0 pourvoir Nous recrutons un(e) Assistant(e) Usinage (Mars 2026) ! Vous aimez l\u2019usinage de haute pr\u00e9cision, la fabrication de pi\u00e8ces \u00e0 forte valeur ajout\u00e9e et le travail en \u00e9quipe dans un environnement positif ? Cette opportunit\u00e9 est faite pour vous ! CIRTES recherche un(e) Assistant(e) Usinage pour renforcer son \u00e9quipe de production. Vos [&hellip;]<\/p>\n","protected":false},"author":1,"featured_media":0,"parent":0,"menu_order":10,"comment_status":"closed","ping_status":"closed","template":"","meta":{"ocean_post_layout":"full-width","ocean_both_sidebars_style":"","ocean_both_sidebars_content_width":0,"ocean_both_sidebars_sidebars_width":0,"ocean_sidebar":"0","ocean_second_sidebar":"0","ocean_disable_margins":"on","ocean_add_body_class":"","ocean_shortcode_before_top_bar":"","ocean_shortcode_after_top_bar":"","ocean_shortcode_before_header":"","ocean_shortcode_after_header":"","ocean_has_shortcode":"","ocean_shortcode_after_title":"","ocean_shortcode_before_footer_widgets":"","ocean_shortcode_after_footer_widgets":"","ocean_shortcode_before_footer_bottom":"","ocean_shortcode_after_footer_bottom":"","ocean_display_top_bar":"default","ocean_display_header":"default","ocean_header_style":"transparent","ocean_center_header_left_menu":"0","ocean_custom_header_template":"0","ocean_custom_logo":0,"ocean_custom_retina_logo":0,"ocean_custom_logo_max_width":0,"ocean_custom_logo_tablet_max_width":0,"ocean_custom_logo_mobile_max_width":0,"ocean_custom_logo_max_height":0,"ocean_custom_logo_tablet_max_height":0,"ocean_custom_logo_mobile_max_height":0,"ocean_header_custom_menu":"0","ocean_menu_typo_font_family":"0","ocean_menu_typo_font_subset":"","ocean_menu_typo_font_size":0,"ocean_menu_typo_font_size_tablet":0,"ocean_menu_typo_font_size_mobile":0,"ocean_menu_typo_font_size_unit":"px","ocean_menu_typo_font_weight":"","ocean_menu_typo_font_weight_tablet":"","ocean_menu_typo_font_weight_mobile":"","ocean_menu_typo_transform":"","ocean_menu_typo_transform_tablet":"","ocean_menu_typo_transform_mobile":"","ocean_menu_typo_line_height":0,"ocean_menu_typo_line_height_tablet":0,"ocean_menu_typo_line_height_mobile":0,"ocean_menu_typo_line_height_unit":"","ocean_menu_typo_spacing":0,"ocean_menu_typo_spacing_tablet":0,"ocean_menu_typo_spacing_mobile":0,"ocean_menu_typo_spacing_unit":"","ocean_menu_link_color":"","ocean_menu_link_color_hover":"","ocean_menu_link_color_active":"","ocean_menu_link_background":"","ocean_menu_link_hover_background":"","ocean_menu_link_active_background":"","ocean_menu_social_links_bg":"","ocean_menu_social_hover_links_bg":"","ocean_menu_social_links_color":"","ocean_menu_social_hover_links_color":"","ocean_disable_title":"enable","ocean_disable_heading":"on","ocean_post_title":"","ocean_post_subheading":"","ocean_post_title_style":"background-image","ocean_post_title_background_color":"","ocean_post_title_background":2330,"ocean_post_title_bg_image_position":"center center","ocean_post_title_bg_image_attachment":"","ocean_post_title_bg_image_repeat":"no-repeat","ocean_post_title_bg_image_size":"cover","ocean_post_title_height":200,"ocean_post_title_bg_overlay":0.4,"ocean_post_title_bg_overlay_color":"","ocean_disable_breadcrumbs":"default","ocean_breadcrumbs_color":"","ocean_breadcrumbs_separator_color":"","ocean_breadcrumbs_links_color":"","ocean_breadcrumbs_links_hover_color":"","ocean_display_footer_widgets":"default","ocean_display_footer_bottom":"default","ocean_custom_footer_template":"0","osh_disable_topbar_sticky":"default","osh_disable_header_sticky":"default","osh_sticky_header_style":"default","osh_sticky_header_effect":"","osh_custom_sticky_logo":0,"osh_custom_retina_sticky_logo":0,"osh_custom_sticky_logo_height":0,"osh_background_color":"","osh_links_color":"","osh_links_hover_color":"","osh_links_active_color":"","osh_links_bg_color":"","osh_links_hover_bg_color":"","osh_links_active_bg_color":"","osh_menu_social_links_color":"","osh_menu_social_hover_links_color":"","footnotes":""},"class_list":["post-3650","page","type-page","status-publish","hentry","entry"],"yoast_head":"<!-- This site is optimized with the Yoast SEO plugin v21.8.1 - https:\/\/yoast.com\/wordpress\/plugins\/seo\/ -->\n<title>Offres d&#039;emploi \u00e0 pourvoir - CIRTES<\/title>\n<meta name=\"robots\" content=\"index, follow, max-snippet:-1, max-image-preview:large, max-video-preview:-1\" \/>\n<link rel=\"canonical\" href=\"https:\/\/www.cirtes.com\/?page_id=3650\" \/>\n<meta property=\"og:locale\" content=\"fr_FR\" \/>\n<meta property=\"og:type\" content=\"article\" \/>\n<meta property=\"og:title\" content=\"Offres d&#039;emploi \u00e0 pourvoir - CIRTES\" \/>\n<meta property=\"og:description\" content=\"Offres d&#8217;emploi \u00e0 pourvoir Nous recrutons un(e) Assistant(e) Usinage (Mars 2026) ! Vous aimez l\u2019usinage de haute pr\u00e9cision, la fabrication de pi\u00e8ces \u00e0 forte valeur ajout\u00e9e et le travail en \u00e9quipe dans un environnement positif ? Cette opportunit\u00e9 est faite pour vous ! CIRTES recherche un(e) Assistant(e) Usinage pour renforcer son \u00e9quipe de production. Vos [&hellip;]\" \/>\n<meta property=\"og:url\" content=\"https:\/\/www.cirtes.com\/?page_id=3650\" \/>\n<meta property=\"og:site_name\" content=\"CIRTES\" \/>\n<meta property=\"article:modified_time\" content=\"2026-03-11T07:52:03+00:00\" \/>\n<meta name=\"twitter:card\" content=\"summary_large_image\" \/>\n<meta name=\"twitter:label1\" content=\"Dur\u00e9e de lecture estim\u00e9e\" \/>\n\t<meta name=\"twitter:data1\" content=\"2 minutes\" \/>\n<script type=\"application\/ld+json\" class=\"yoast-schema-graph\">{\"@context\":\"https:\/\/schema.org\",\"@graph\":[{\"@type\":\"WebPage\",\"@id\":\"https:\/\/www.cirtes.com\/?page_id=3650\",\"url\":\"https:\/\/www.cirtes.com\/?page_id=3650\",\"name\":\"Offres d'emploi \u00e0 pourvoir - CIRTES\",\"isPartOf\":{\"@id\":\"https:\/\/www.cirtes.com\/#website\"},\"datePublished\":\"2017-02-14T09:58:47+00:00\",\"dateModified\":\"2026-03-11T07:52:03+00:00\",\"breadcrumb\":{\"@id\":\"https:\/\/www.cirtes.com\/?page_id=3650#breadcrumb\"},\"inLanguage\":\"fr-FR\",\"potentialAction\":[{\"@type\":\"ReadAction\",\"target\":[\"https:\/\/www.cirtes.com\/?page_id=3650\"]}]},{\"@type\":\"BreadcrumbList\",\"@id\":\"https:\/\/www.cirtes.com\/?page_id=3650#breadcrumb\",\"itemListElement\":[{\"@type\":\"ListItem\",\"position\":1,\"name\":\"Accueil\",\"item\":\"https:\/\/www.cirtes.com\/\"},{\"@type\":\"ListItem\",\"position\":2,\"name\":\"Offres d&#8217;emploi \u00e0 pourvoir\"}]},{\"@type\":\"WebSite\",\"@id\":\"https:\/\/www.cirtes.com\/#website\",\"url\":\"https:\/\/www.cirtes.com\/\",\"name\":\"CIRTES\",\"description\":\"Fabrication Additive et Usinage Avanc\u00e9\",\"publisher\":{\"@id\":\"https:\/\/www.cirtes.com\/#organization\"},\"potentialAction\":[{\"@type\":\"SearchAction\",\"target\":{\"@type\":\"EntryPoint\",\"urlTemplate\":\"https:\/\/www.cirtes.com\/?s={search_term_string}\"},\"query-input\":\"required name=search_term_string\"}],\"inLanguage\":\"fr-FR\"},{\"@type\":\"Organization\",\"@id\":\"https:\/\/www.cirtes.com\/#organization\",\"name\":\"CIRTES\",\"url\":\"https:\/\/www.cirtes.com\/\",\"logo\":{\"@type\":\"ImageObject\",\"inLanguage\":\"fr-FR\",\"@id\":\"https:\/\/www.cirtes.com\/#\/schema\/logo\/image\/\",\"url\":\"https:\/\/www.cirtes.com\/wp-content\/uploads\/2016\/05\/unnamed-2.png\",\"contentUrl\":\"https:\/\/www.cirtes.com\/wp-content\/uploads\/2016\/05\/unnamed-2.png\",\"width\":300,\"height\":95,\"caption\":\"CIRTES\"},\"image\":{\"@id\":\"https:\/\/www.cirtes.com\/#\/schema\/logo\/image\/\"},\"sameAs\":[\"https:\/\/www.linkedin.com\/company\/cirtes\"]}]}<\/script>\n<!-- \/ Yoast SEO plugin. -->","yoast_head_json":{"title":"Offres d'emploi \u00e0 pourvoir - CIRTES","robots":{"index":"index","follow":"follow","max-snippet":"max-snippet:-1","max-image-preview":"max-image-preview:large","max-video-preview":"max-video-preview:-1"},"canonical":"https:\/\/www.cirtes.com\/?page_id=3650","og_locale":"fr_FR","og_type":"article","og_title":"Offres d'emploi \u00e0 pourvoir - CIRTES","og_description":"Offres d&#8217;emploi \u00e0 pourvoir Nous recrutons un(e) Assistant(e) Usinage (Mars 2026) ! Vous aimez l\u2019usinage de haute pr\u00e9cision, la fabrication de pi\u00e8ces \u00e0 forte valeur ajout\u00e9e et le travail en \u00e9quipe dans un environnement positif ? Cette opportunit\u00e9 est faite pour vous ! CIRTES recherche un(e) Assistant(e) Usinage pour renforcer son \u00e9quipe de production. Vos [&hellip;]","og_url":"https:\/\/www.cirtes.com\/?page_id=3650","og_site_name":"CIRTES","article_modified_time":"2026-03-11T07:52:03+00:00","twitter_card":"summary_large_image","twitter_misc":{"Dur\u00e9e de lecture estim\u00e9e":"2 minutes"},"schema":{"@context":"https:\/\/schema.org","@graph":[{"@type":"WebPage","@id":"https:\/\/www.cirtes.com\/?page_id=3650","url":"https:\/\/www.cirtes.com\/?page_id=3650","name":"Offres d'emploi \u00e0 pourvoir - CIRTES","isPartOf":{"@id":"https:\/\/www.cirtes.com\/#website"},"datePublished":"2017-02-14T09:58:47+00:00","dateModified":"2026-03-11T07:52:03+00:00","breadcrumb":{"@id":"https:\/\/www.cirtes.com\/?page_id=3650#breadcrumb"},"inLanguage":"fr-FR","potentialAction":[{"@type":"ReadAction","target":["https:\/\/www.cirtes.com\/?page_id=3650"]}]},{"@type":"BreadcrumbList","@id":"https:\/\/www.cirtes.com\/?page_id=3650#breadcrumb","itemListElement":[{"@type":"ListItem","position":1,"name":"Accueil","item":"https:\/\/www.cirtes.com\/"},{"@type":"ListItem","position":2,"name":"Offres d&#8217;emploi \u00e0 pourvoir"}]},{"@type":"WebSite","@id":"https:\/\/www.cirtes.com\/#website","url":"https:\/\/www.cirtes.com\/","name":"CIRTES","description":"Fabrication Additive et Usinage Avanc\u00e9","publisher":{"@id":"https:\/\/www.cirtes.com\/#organization"},"potentialAction":[{"@type":"SearchAction","target":{"@type":"EntryPoint","urlTemplate":"https:\/\/www.cirtes.com\/?s={search_term_string}"},"query-input":"required name=search_term_string"}],"inLanguage":"fr-FR"},{"@type":"Organization","@id":"https:\/\/www.cirtes.com\/#organization","name":"CIRTES","url":"https:\/\/www.cirtes.com\/","logo":{"@type":"ImageObject","inLanguage":"fr-FR","@id":"https:\/\/www.cirtes.com\/#\/schema\/logo\/image\/","url":"https:\/\/www.cirtes.com\/wp-content\/uploads\/2016\/05\/unnamed-2.png","contentUrl":"https:\/\/www.cirtes.com\/wp-content\/uploads\/2016\/05\/unnamed-2.png","width":300,"height":95,"caption":"CIRTES"},"image":{"@id":"https:\/\/www.cirtes.com\/#\/schema\/logo\/image\/"},"sameAs":["https:\/\/www.linkedin.com\/company\/cirtes"]}]}},"_links":{"self":[{"href":"https:\/\/www.cirtes.com\/index.php?rest_route=\/wp\/v2\/pages\/3650","targetHints":{"allow":["GET"]}}],"collection":[{"href":"https:\/\/www.cirtes.com\/index.php?rest_route=\/wp\/v2\/pages"}],"about":[{"href":"https:\/\/www.cirtes.com\/index.php?rest_route=\/wp\/v2\/types\/page"}],"author":[{"embeddable":true,"href":"https:\/\/www.cirtes.com\/index.php?rest_route=\/wp\/v2\/users\/1"}],"replies":[{"embeddable":true,"href":"https:\/\/www.cirtes.com\/index.php?rest_route=%2Fwp%2Fv2%2Fcomments&post=3650"}],"version-history":[{"count":26,"href":"https:\/\/www.cirtes.com\/index.php?rest_route=\/wp\/v2\/pages\/3650\/revisions"}],"predecessor-version":[{"id":12680,"href":"https:\/\/www.cirtes.com\/index.php?rest_route=\/wp\/v2\/pages\/3650\/revisions\/12680"}],"wp:attachment":[{"href":"https:\/\/www.cirtes.com\/index.php?rest_route=%2Fwp%2Fv2%2Fmedia&parent=3650"}],"curies":[{"name":"wp","href":"https:\/\/api.w.org\/{rel}","templated":true}]}}