{"id":2916,"date":"2016-07-27T10:47:42","date_gmt":"2016-07-27T08:47:42","guid":{"rendered":"http:\/\/www.dev.voo-voyez.fr\/cirtes\/?page_id=2916"},"modified":"2023-07-12T11:34:01","modified_gmt":"2023-07-12T09:34:01","slug":"lequipe","status":"publish","type":"page","link":"https:\/\/www.cirtes.com\/?page_id=2916","title":{"rendered":"L&rsquo;\u00e9quipe"},"content":{"rendered":"\t\t<div data-elementor-type=\"wp-page\" data-elementor-id=\"2916\" class=\"elementor elementor-2916\">\n\t\t\t\t\t\t<section data-particle_enable=\"false\" data-particle-mobile-disabled=\"false\" class=\"elementor-section elementor-top-section elementor-element elementor-element-763edbb elementor-section-boxed elementor-section-height-default elementor-section-height-default\" data-id=\"763edbb\" data-element_type=\"section\">\n\t\t\t\t\t\t<div class=\"elementor-container elementor-column-gap-default\">\n\t\t\t\t\t<div class=\"elementor-column elementor-col-100 elementor-top-column elementor-element elementor-element-5e8c534\" data-id=\"5e8c534\" data-element_type=\"column\">\n\t\t\t<div class=\"elementor-widget-wrap elementor-element-populated\">\n\t\t\t\t\t\t<div class=\"elementor-element elementor-element-a0baa71 elementor-widget elementor-widget-heading\" data-id=\"a0baa71\" data-element_type=\"widget\" data-widget_type=\"heading.default\">\n\t\t\t\t<div class=\"elementor-widget-container\">\n\t\t\t<h2 class=\"elementor-heading-title elementor-size-xl\">L&rsquo;\u00e9quipe<\/h2>\t\t<\/div>\n\t\t\t\t<\/div>\n\t\t\t\t\t<\/div>\n\t\t<\/div>\n\t\t\t\t\t<\/div>\n\t\t<\/section>\n\t\t\t\t<section data-particle_enable=\"false\" data-particle-mobile-disabled=\"false\" class=\"elementor-section elementor-top-section elementor-element elementor-element-57444a03 elementor-section-boxed elementor-section-height-default elementor-section-height-default\" data-id=\"57444a03\" data-element_type=\"section\">\n\t\t\t\t\t\t<div class=\"elementor-container elementor-column-gap-default\">\n\t\t\t\t\t<div class=\"elementor-column elementor-col-100 elementor-top-column elementor-element elementor-element-2cc55df9\" data-id=\"2cc55df9\" data-element_type=\"column\">\n\t\t\t<div class=\"elementor-widget-wrap elementor-element-populated\">\n\t\t\t\t\t\t<div class=\"elementor-element elementor-element-1273d838 elementor-widget elementor-widget-heading\" data-id=\"1273d838\" data-element_type=\"widget\" data-widget_type=\"heading.default\">\n\t\t\t\t<div class=\"elementor-widget-container\">\n\t\t\t<h2 class=\"elementor-heading-title elementor-size-default\">Pr\u00e9sidence et Direction G\u00e9n\u00e9rale<\/h2>\t\t<\/div>\n\t\t\t\t<\/div>\n\t\t\t\t<div class=\"elementor-element elementor-element-36b0a544 eael-team-align-eael-team-align-default elementor-widget elementor-widget-eael-team-member\" data-id=\"36b0a544\" data-element_type=\"widget\" data-widget_type=\"eael-team-member.default\">\n\t\t\t\t<div class=\"elementor-widget-container\">\n\t\t\t\n\n\t<div id=\"eael-team-member-36b0a544\" class=\"eael-team-item eael-team-members-circle \">\n\t\t<div class=\"eael-team-item-inner\">\n\t\t\t<div class=\"eael-team-image\">\n\t\t\t\t<figure>\n\t\t\t\t\t\t\t\t\t\t<img decoding=\"async\" src=\"https:\/\/www.cirtes.com\/wp-content\/uploads\/2012\/05\/ClaudeBarlier.jpg\" alt=\"\">\n\t\t\t\t\t\t\t\t\t<\/figure>\n\t\t\t\t\n\t\t\t\t\n\t\t\t<\/div>\n\n\t\t\t<div class=\"eael-team-content\">\n\t\t\t\t<h2 class=\"eael-team-member-name\"><a href=\"\/claude-barlier\/\">Claude Barlier<\/a><\/h2><h3 class=\"eael-team-member-position\"><\/h3>\n\t\t\t\t\t\t\t\t\t\t\t\t\t\t<p class=\"eael-team-text\">Fondateur, Pr\u00e9sident du Directoire de CIRTES SA,<br>\nPr\u00e9sident d'Actarus SAS<\/p>\n\t\t\t\t\t\t\t<\/div>\n\t\t<\/div>\n\t<\/div>\n\t\t\t<\/div>\n\t\t\t\t<\/div>\n\t\t\t\t<div class=\"elementor-element elementor-element-723eb720 elementor-view-default elementor-widget elementor-widget-icon\" data-id=\"723eb720\" data-element_type=\"widget\" data-widget_type=\"icon.default\">\n\t\t\t\t<div class=\"elementor-widget-container\">\n\t\t\t\t\t<div class=\"elementor-icon-wrapper\">\n\t\t\t<div class=\"elementor-icon\">\n\t\t\t<i aria-hidden=\"true\" class=\"far fa-arrow-alt-circle-down\"><\/i>\t\t\t<\/div>\n\t\t<\/div>\n\t\t\t\t<\/div>\n\t\t\t\t<\/div>\n\t\t\t\t\t<\/div>\n\t\t<\/div>\n\t\t\t\t\t<\/div>\n\t\t<\/section>\n\t\t\t\t<section data-particle_enable=\"false\" data-particle-mobile-disabled=\"false\" class=\"elementor-section elementor-top-section elementor-element elementor-element-a5f9f46 elementor-section-boxed elementor-section-height-default elementor-section-height-default\" data-id=\"a5f9f46\" data-element_type=\"section\">\n\t\t\t\t\t\t<div class=\"elementor-container elementor-column-gap-default\">\n\t\t\t\t\t<div class=\"elementor-column elementor-col-100 elementor-top-column elementor-element elementor-element-65dddd00\" data-id=\"65dddd00\" data-element_type=\"column\">\n\t\t\t<div class=\"elementor-widget-wrap elementor-element-populated\">\n\t\t\t\t\t\t<div class=\"elementor-element elementor-element-6763f1d4 elementor-widget elementor-widget-heading\" data-id=\"6763f1d4\" data-element_type=\"widget\" data-widget_type=\"heading.default\">\n\t\t\t\t<div class=\"elementor-widget-container\">\n\t\t\t<h2 class=\"elementor-heading-title elementor-size-default\">L'\u00c9quipe de Management<\/h2>\t\t<\/div>\n\t\t\t\t<\/div>\n\t\t\t\t<div class=\"elementor-element elementor-element-56311f3c elementor-widget elementor-widget-eael-team-member-carousel\" data-id=\"56311f3c\" data-element_type=\"widget\" data-widget_type=\"eael-team-member-carousel.default\">\n\t\t\t\t<div class=\"elementor-widget-container\">\n\t\t\t        <div class=\"swiper-container-wrap eael-team-member-carousel-wrap\">\n            <div class=\"swiper-container eael-tm-wrapper eael-tm-carousel\" id=\"swiper-container-56311f3c\" data-pagination=\".swiper-pagination-56311f3c\" data-arrow-next=\".swiper-button-next-56311f3c\" data-arrow-prev=\".swiper-button-prev-56311f3c\" data-id=\"swiper-container-56311f3c\" data-items=\"4\" data-margin=\"10\" data-autoplay=\"0\" data-grab-cursor=\"1\">\n                <div class=\"swiper-wrapper\">\n\t\t\t\t\t                        <div class=\"swiper-slide\">\n                            <div class=\"eael-tm\">\n                                <div class=\"eael-tm-image\">\n\t\t\t\t\t\t\t\t\t<img decoding=\"async\" src=\"https:\/\/www.cirtes.com\/wp-content\/uploads\/2019\/09\/SylvieBalthazard.jpg\"alt=\"\">\t\t\t\t\t\t\t\t\t                                <\/div>\n\n                                <div class=\"eael-tm-content eael-tm-content-normal\">\n\t\t\t\t\t\t\t\t\t<h4 class=\"eael-tm-name\">Sylvie BALTHAZARD<\/h4>\t\t        <div class=\"eael-tm-title-divider-wrap\">\n            <div class=\"eael-tm-divider eael-tm-title-divider\"><\/div>\n        <\/div>\n\t<div class=\"eael-tm-position\">Responsable Finance & RH... <\/div>\t\t\t\t        <div class=\"eael-tm-social-links-wrap\">\n            <ul class=\"eael-tm-social-links\">\n\t\t\t\t<li><a href=\"https:\/\/www.linkedin.com\/in\/balthazard-sylvie-2643bb82\" target=\"_blank\"><span class=\"eael-tm-social-icon-wrap\"><span class=\"eael-tm-social-icon fa fa-linkedin\"><\/span><\/span><\/a><\/li>            <\/ul>\n        <\/div>\n\t\t                                <\/div>\n                            <\/div><!-- .eael-tm -->\n                        <\/div><!-- .swiper-slide -->\n\t\t\t\t\t                        <div class=\"swiper-slide\">\n                            <div class=\"eael-tm\">\n                                <div class=\"eael-tm-image\">\n\t\t\t\t\t\t\t\t\t<img decoding=\"async\" src=\"https:\/\/www.cirtes.com\/wp-content\/uploads\/2016\/05\/Benoit-Delbecque.jpg\"alt=\"\">\t\t\t\t\t\t\t\t\t                                <\/div>\n\n                                <div class=\"eael-tm-content eael-tm-content-normal\">\n\t\t\t\t\t\t\t\t\t<h4 class=\"eael-tm-name\">Beno\u00eet DELEBECQUE<\/h4>\t\t        <div class=\"eael-tm-title-divider-wrap\">\n            <div class=\"eael-tm-divider eael-tm-title-divider\"><\/div>\n        <\/div>\n\t<div class=\"eael-tm-position\">Responsable R&D Logiciels<\/div>\t\t\t\t        <div class=\"eael-tm-social-links-wrap\">\n            <ul class=\"eael-tm-social-links\">\n\t\t\t\t<li><a href=\"https:\/\/www.linkedin.com\/in\/benoitdelebecque\/\" target=\"_blank\"><span class=\"eael-tm-social-icon-wrap\"><span class=\"eael-tm-social-icon fa fa-linkedin\"><\/span><\/span><\/a><\/li>            <\/ul>\n        <\/div>\n\t\t                                <\/div>\n                            <\/div><!-- .eael-tm -->\n                        <\/div><!-- .swiper-slide -->\n\t\t\t\t\t                        <div class=\"swiper-slide\">\n                            <div class=\"eael-tm\">\n                                <div class=\"eael-tm-image\">\n\t\t\t\t\t\t\t\t\t<img decoding=\"async\" src=\"https:\/\/www.cirtes.com\/wp-content\/uploads\/2016\/05\/Cyril-Pelaingre.jpg\"alt=\"\">\t\t\t\t\t\t\t\t\t                                <\/div>\n\n                                <div class=\"eael-tm-content eael-tm-content-normal\">\n\t\t\t\t\t\t\t\t\t<h4 class=\"eael-tm-name\">Cyril PELAINGRE<\/h4>\t\t        <div class=\"eael-tm-title-divider-wrap\">\n            <div class=\"eael-tm-divider eael-tm-title-divider\"><\/div>\n        <\/div>\n\t<div class=\"eael-tm-position\">Responsable R&D Proc\u00e9d\u00e9<\/div>\t\t\t\t        <div class=\"eael-tm-social-links-wrap\">\n            <ul class=\"eael-tm-social-links\">\n\t\t\t\t<li><a href=\"https:\/\/www.linkedin.com\/in\/cyril-pelaingre-b6384a30\" target=\"_blank\"><span class=\"eael-tm-social-icon-wrap\"><span class=\"eael-tm-social-icon fa fa-linkedin\"><\/span><\/span><\/a><\/li>            <\/ul>\n        <\/div>\n\t\t                                <\/div>\n                            <\/div><!-- .eael-tm -->\n                        <\/div><!-- .swiper-slide -->\n\t\t\t\t\t                        <div class=\"swiper-slide\">\n                            <div class=\"eael-tm\">\n                                <div class=\"eael-tm-image\">\n\t\t\t\t\t\t\t\t\t<img decoding=\"async\" src=\"https:\/\/www.cirtes.com\/wp-content\/uploads\/2016\/05\/David-Di-Giuseppe.jpg\"alt=\"\">\t\t\t\t\t\t\t\t\t                                <\/div>\n\n                                <div class=\"eael-tm-content eael-tm-content-normal\">\n\t\t\t\t\t\t\t\t\t<h4 class=\"eael-tm-name\">David DI GIUSEPPE<\/h4>\t\t        <div class=\"eael-tm-title-divider-wrap\">\n            <div class=\"eael-tm-divider eael-tm-title-divider\"><\/div>\n        <\/div>\n\t<div class=\"eael-tm-position\">Responsable Valorisation & Op\u00e9ration<\/div>\t\t\t\t        <div class=\"eael-tm-social-links-wrap\">\n            <ul class=\"eael-tm-social-links\">\n\t\t\t\t<li><a href=\"https:\/\/www.linkedin.com\/in\/david-di-giuseppe-229a4145\/\" target=\"_blank\"><span class=\"eael-tm-social-icon-wrap\"><span class=\"eael-tm-social-icon fa fa-linkedin\"><\/span><\/span><\/a><\/li>            <\/ul>\n        <\/div>\n\t\t                                <\/div>\n                            <\/div><!-- .eael-tm -->\n                        <\/div><!-- .swiper-slide -->\n\t\t\t\t\t                <\/div>\n            <\/div>\n\t\t\t        <\/div>\n\t\t\t\t<\/div>\n\t\t\t\t<\/div>\n\t\t\t\t\t<\/div>\n\t\t<\/div>\n\t\t\t\t\t<\/div>\n\t\t<\/section>\n\t\t\t\t<\/div>\n\t\t","protected":false},"excerpt":{"rendered":"<p>Pr\u00e9sidence et Direction G\u00e9n\u00e9rale Claude Barlier Fondateur, Pr\u00e9sident du Directoire de CIRTES SA, Pr\u00e9sident d&rsquo;Actarus SAS L&rsquo;\u00c9quipe de Management Sylvie BALTHAZARD Responsable Finance &#038; RH&#8230; Beno\u00eet DELEBECQUE Responsable R&#038;D Logiciels Cyril PELAINGRE Responsable R&#038;D Proc\u00e9d\u00e9 David DI GIUSEPPE Responsable Valorisation &#038; Op\u00e9ration<\/p>\n","protected":false},"author":1,"featured_media":0,"parent":6677,"menu_order":3,"comment_status":"closed","ping_status":"closed","template":"","meta":{"ocean_post_layout":"full-screen","ocean_both_sidebars_style":"","ocean_both_sidebars_content_width":0,"ocean_both_sidebars_sidebars_width":0,"ocean_sidebar":"0","ocean_second_sidebar":"0","ocean_disable_margins":"on","ocean_add_body_class":"","ocean_shortcode_before_top_bar":"","ocean_shortcode_after_top_bar":"","ocean_shortcode_before_header":"","ocean_shortcode_after_header":"","ocean_has_shortcode":"","ocean_shortcode_after_title":"","ocean_shortcode_before_footer_widgets":"","ocean_shortcode_after_footer_widgets":"","ocean_shortcode_before_footer_bottom":"","ocean_shortcode_after_footer_bottom":"","ocean_display_top_bar":"default","ocean_display_header":"default","ocean_header_style":"","ocean_center_header_left_menu":"0","ocean_custom_header_template":"0","ocean_custom_logo":0,"ocean_custom_retina_logo":0,"ocean_custom_logo_max_width":0,"ocean_custom_logo_tablet_max_width":0,"ocean_custom_logo_mobile_max_width":0,"ocean_custom_logo_max_height":0,"ocean_custom_logo_tablet_max_height":0,"ocean_custom_logo_mobile_max_height":0,"ocean_header_custom_menu":"0","ocean_menu_typo_font_family":"0","ocean_menu_typo_font_subset":"","ocean_menu_typo_font_size":0,"ocean_menu_typo_font_size_tablet":0,"ocean_menu_typo_font_size_mobile":0,"ocean_menu_typo_font_size_unit":"px","ocean_menu_typo_font_weight":"","ocean_menu_typo_font_weight_tablet":"","ocean_menu_typo_font_weight_mobile":"","ocean_menu_typo_transform":"","ocean_menu_typo_transform_tablet":"","ocean_menu_typo_transform_mobile":"","ocean_menu_typo_line_height":0,"ocean_menu_typo_line_height_tablet":0,"ocean_menu_typo_line_height_mobile":0,"ocean_menu_typo_line_height_unit":"","ocean_menu_typo_spacing":0,"ocean_menu_typo_spacing_tablet":0,"ocean_menu_typo_spacing_mobile":0,"ocean_menu_typo_spacing_unit":"","ocean_menu_link_color":"","ocean_menu_link_color_hover":"","ocean_menu_link_color_active":"","ocean_menu_link_background":"","ocean_menu_link_hover_background":"","ocean_menu_link_active_background":"","ocean_menu_social_links_bg":"","ocean_menu_social_hover_links_bg":"","ocean_menu_social_links_color":"","ocean_menu_social_hover_links_color":"","ocean_disable_title":"enable","ocean_disable_heading":"on","ocean_post_title":"","ocean_post_subheading":"","ocean_post_title_style":"background-image","ocean_post_title_background_color":"","ocean_post_title_background":2330,"ocean_post_title_bg_image_position":"center center","ocean_post_title_bg_image_attachment":"","ocean_post_title_bg_image_repeat":"no-repeat","ocean_post_title_bg_image_size":"cover","ocean_post_title_height":200,"ocean_post_title_bg_overlay":0.4,"ocean_post_title_bg_overlay_color":"","ocean_disable_breadcrumbs":"default","ocean_breadcrumbs_color":"","ocean_breadcrumbs_separator_color":"","ocean_breadcrumbs_links_color":"","ocean_breadcrumbs_links_hover_color":"","ocean_display_footer_widgets":"default","ocean_display_footer_bottom":"default","ocean_custom_footer_template":"0","osh_disable_topbar_sticky":"default","osh_disable_header_sticky":"default","osh_sticky_header_style":"default","osh_sticky_header_effect":"","osh_custom_sticky_logo":0,"osh_custom_retina_sticky_logo":0,"osh_custom_sticky_logo_height":0,"osh_background_color":"","osh_links_color":"","osh_links_hover_color":"","osh_links_active_color":"","osh_links_bg_color":"","osh_links_hover_bg_color":"","osh_links_active_bg_color":"","osh_menu_social_links_color":"","osh_menu_social_hover_links_color":"","footnotes":""},"class_list":["post-2916","page","type-page","status-publish","hentry","entry"],"yoast_head":"<!-- This site is optimized with the Yoast SEO plugin v21.8.1 - https:\/\/yoast.com\/wordpress\/plugins\/seo\/ -->\n<title>L&#039;\u00e9quipe - CIRTES<\/title>\n<meta name=\"robots\" content=\"index, follow, max-snippet:-1, max-image-preview:large, max-video-preview:-1\" \/>\n<link rel=\"canonical\" href=\"https:\/\/www.cirtes.com\/?page_id=2916\" \/>\n<meta property=\"og:locale\" content=\"fr_FR\" \/>\n<meta property=\"og:type\" content=\"article\" \/>\n<meta property=\"og:title\" content=\"L&#039;\u00e9quipe - CIRTES\" \/>\n<meta property=\"og:description\" content=\"Pr\u00e9sidence et Direction G\u00e9n\u00e9rale Claude Barlier Fondateur, Pr\u00e9sident du Directoire de CIRTES SA, Pr\u00e9sident d&rsquo;Actarus SAS L&rsquo;\u00c9quipe de Management Sylvie BALTHAZARD Responsable Finance &#038; RH&#8230; Beno\u00eet DELEBECQUE Responsable R&#038;D Logiciels Cyril PELAINGRE Responsable R&#038;D Proc\u00e9d\u00e9 David DI GIUSEPPE Responsable Valorisation &#038; Op\u00e9ration\" \/>\n<meta property=\"og:url\" content=\"https:\/\/www.cirtes.com\/?page_id=2916\" \/>\n<meta property=\"og:site_name\" content=\"CIRTES\" \/>\n<meta property=\"article:modified_time\" content=\"2023-07-12T09:34:01+00:00\" \/>\n<meta property=\"og:image\" content=\"https:\/\/www.cirtes.com\/wp-content\/uploads\/2012\/05\/ClaudeBarlier.jpg\" \/>\n<meta name=\"twitter:card\" content=\"summary_large_image\" \/>\n<meta name=\"twitter:label1\" content=\"Dur\u00e9e de lecture estim\u00e9e\" \/>\n\t<meta name=\"twitter:data1\" content=\"2 minutes\" \/>\n<script type=\"application\/ld+json\" class=\"yoast-schema-graph\">{\"@context\":\"https:\/\/schema.org\",\"@graph\":[{\"@type\":\"WebPage\",\"@id\":\"https:\/\/www.cirtes.com\/?page_id=2916\",\"url\":\"https:\/\/www.cirtes.com\/?page_id=2916\",\"name\":\"L'\u00e9quipe - CIRTES\",\"isPartOf\":{\"@id\":\"https:\/\/www.cirtes.com\/#website\"},\"datePublished\":\"2016-07-27T08:47:42+00:00\",\"dateModified\":\"2023-07-12T09:34:01+00:00\",\"breadcrumb\":{\"@id\":\"https:\/\/www.cirtes.com\/?page_id=2916#breadcrumb\"},\"inLanguage\":\"fr-FR\",\"potentialAction\":[{\"@type\":\"ReadAction\",\"target\":[\"https:\/\/www.cirtes.com\/?page_id=2916\"]}]},{\"@type\":\"BreadcrumbList\",\"@id\":\"https:\/\/www.cirtes.com\/?page_id=2916#breadcrumb\",\"itemListElement\":[{\"@type\":\"ListItem\",\"position\":1,\"name\":\"Accueil\",\"item\":\"https:\/\/www.cirtes.com\/\"},{\"@type\":\"ListItem\",\"position\":2,\"name\":\"Pr\u00e9sentation\",\"item\":\"https:\/\/www.cirtes.com\/?page_id=6677\"},{\"@type\":\"ListItem\",\"position\":3,\"name\":\"L&rsquo;\u00e9quipe\"}]},{\"@type\":\"WebSite\",\"@id\":\"https:\/\/www.cirtes.com\/#website\",\"url\":\"https:\/\/www.cirtes.com\/\",\"name\":\"CIRTES\",\"description\":\"Fabrication Additive et Usinage Avanc\u00e9\",\"publisher\":{\"@id\":\"https:\/\/www.cirtes.com\/#organization\"},\"potentialAction\":[{\"@type\":\"SearchAction\",\"target\":{\"@type\":\"EntryPoint\",\"urlTemplate\":\"https:\/\/www.cirtes.com\/?s={search_term_string}\"},\"query-input\":\"required name=search_term_string\"}],\"inLanguage\":\"fr-FR\"},{\"@type\":\"Organization\",\"@id\":\"https:\/\/www.cirtes.com\/#organization\",\"name\":\"CIRTES\",\"url\":\"https:\/\/www.cirtes.com\/\",\"logo\":{\"@type\":\"ImageObject\",\"inLanguage\":\"fr-FR\",\"@id\":\"https:\/\/www.cirtes.com\/#\/schema\/logo\/image\/\",\"url\":\"https:\/\/www.cirtes.com\/wp-content\/uploads\/2016\/05\/unnamed-2.png\",\"contentUrl\":\"https:\/\/www.cirtes.com\/wp-content\/uploads\/2016\/05\/unnamed-2.png\",\"width\":300,\"height\":95,\"caption\":\"CIRTES\"},\"image\":{\"@id\":\"https:\/\/www.cirtes.com\/#\/schema\/logo\/image\/\"},\"sameAs\":[\"https:\/\/www.linkedin.com\/company\/cirtes\"]}]}<\/script>\n<!-- \/ Yoast SEO plugin. -->","yoast_head_json":{"title":"L'\u00e9quipe - CIRTES","robots":{"index":"index","follow":"follow","max-snippet":"max-snippet:-1","max-image-preview":"max-image-preview:large","max-video-preview":"max-video-preview:-1"},"canonical":"https:\/\/www.cirtes.com\/?page_id=2916","og_locale":"fr_FR","og_type":"article","og_title":"L'\u00e9quipe - CIRTES","og_description":"Pr\u00e9sidence et Direction G\u00e9n\u00e9rale Claude Barlier Fondateur, Pr\u00e9sident du Directoire de CIRTES SA, Pr\u00e9sident d&rsquo;Actarus SAS L&rsquo;\u00c9quipe de Management Sylvie BALTHAZARD Responsable Finance &#038; RH&#8230; Beno\u00eet DELEBECQUE Responsable R&#038;D Logiciels Cyril PELAINGRE Responsable R&#038;D Proc\u00e9d\u00e9 David DI GIUSEPPE Responsable Valorisation &#038; Op\u00e9ration","og_url":"https:\/\/www.cirtes.com\/?page_id=2916","og_site_name":"CIRTES","article_modified_time":"2023-07-12T09:34:01+00:00","og_image":[{"url":"https:\/\/www.cirtes.com\/wp-content\/uploads\/2012\/05\/ClaudeBarlier.jpg"}],"twitter_card":"summary_large_image","twitter_misc":{"Dur\u00e9e de lecture estim\u00e9e":"2 minutes"},"schema":{"@context":"https:\/\/schema.org","@graph":[{"@type":"WebPage","@id":"https:\/\/www.cirtes.com\/?page_id=2916","url":"https:\/\/www.cirtes.com\/?page_id=2916","name":"L'\u00e9quipe - CIRTES","isPartOf":{"@id":"https:\/\/www.cirtes.com\/#website"},"datePublished":"2016-07-27T08:47:42+00:00","dateModified":"2023-07-12T09:34:01+00:00","breadcrumb":{"@id":"https:\/\/www.cirtes.com\/?page_id=2916#breadcrumb"},"inLanguage":"fr-FR","potentialAction":[{"@type":"ReadAction","target":["https:\/\/www.cirtes.com\/?page_id=2916"]}]},{"@type":"BreadcrumbList","@id":"https:\/\/www.cirtes.com\/?page_id=2916#breadcrumb","itemListElement":[{"@type":"ListItem","position":1,"name":"Accueil","item":"https:\/\/www.cirtes.com\/"},{"@type":"ListItem","position":2,"name":"Pr\u00e9sentation","item":"https:\/\/www.cirtes.com\/?page_id=6677"},{"@type":"ListItem","position":3,"name":"L&rsquo;\u00e9quipe"}]},{"@type":"WebSite","@id":"https:\/\/www.cirtes.com\/#website","url":"https:\/\/www.cirtes.com\/","name":"CIRTES","description":"Fabrication Additive et Usinage Avanc\u00e9","publisher":{"@id":"https:\/\/www.cirtes.com\/#organization"},"potentialAction":[{"@type":"SearchAction","target":{"@type":"EntryPoint","urlTemplate":"https:\/\/www.cirtes.com\/?s={search_term_string}"},"query-input":"required name=search_term_string"}],"inLanguage":"fr-FR"},{"@type":"Organization","@id":"https:\/\/www.cirtes.com\/#organization","name":"CIRTES","url":"https:\/\/www.cirtes.com\/","logo":{"@type":"ImageObject","inLanguage":"fr-FR","@id":"https:\/\/www.cirtes.com\/#\/schema\/logo\/image\/","url":"https:\/\/www.cirtes.com\/wp-content\/uploads\/2016\/05\/unnamed-2.png","contentUrl":"https:\/\/www.cirtes.com\/wp-content\/uploads\/2016\/05\/unnamed-2.png","width":300,"height":95,"caption":"CIRTES"},"image":{"@id":"https:\/\/www.cirtes.com\/#\/schema\/logo\/image\/"},"sameAs":["https:\/\/www.linkedin.com\/company\/cirtes"]}]}},"_links":{"self":[{"href":"https:\/\/www.cirtes.com\/index.php?rest_route=\/wp\/v2\/pages\/2916","targetHints":{"allow":["GET"]}}],"collection":[{"href":"https:\/\/www.cirtes.com\/index.php?rest_route=\/wp\/v2\/pages"}],"about":[{"href":"https:\/\/www.cirtes.com\/index.php?rest_route=\/wp\/v2\/types\/page"}],"author":[{"embeddable":true,"href":"https:\/\/www.cirtes.com\/index.php?rest_route=\/wp\/v2\/users\/1"}],"replies":[{"embeddable":true,"href":"https:\/\/www.cirtes.com\/index.php?rest_route=%2Fwp%2Fv2%2Fcomments&post=2916"}],"version-history":[{"count":37,"href":"https:\/\/www.cirtes.com\/index.php?rest_route=\/wp\/v2\/pages\/2916\/revisions"}],"predecessor-version":[{"id":12060,"href":"https:\/\/www.cirtes.com\/index.php?rest_route=\/wp\/v2\/pages\/2916\/revisions\/12060"}],"up":[{"embeddable":true,"href":"https:\/\/www.cirtes.com\/index.php?rest_route=\/wp\/v2\/pages\/6677"}],"wp:attachment":[{"href":"https:\/\/www.cirtes.com\/index.php?rest_route=%2Fwp%2Fv2%2Fmedia&parent=2916"}],"curies":[{"name":"wp","href":"https:\/\/api.w.org\/{rel}","templated":true}]}}