{"id":2145,"date":"2016-05-02T15:10:55","date_gmt":"2016-05-02T14:10:55","guid":{"rendered":"http:\/\/www.dev.voo-voyez.fr\/cirtes\/?page_id=2145"},"modified":"2022-09-22T16:44:35","modified_gmt":"2022-09-22T14:44:35","slug":"technologies","status":"publish","type":"page","link":"https:\/\/www.cirtes.com\/?page_id=2145","title":{"rendered":"Technologies"},"content":{"rendered":"\t\t<div data-elementor-type=\"wp-page\" data-elementor-id=\"2145\" class=\"elementor elementor-2145\">\n\t\t\t\t\t\t<section data-particle_enable=\"false\" data-particle-mobile-disabled=\"false\" class=\"elementor-section elementor-top-section elementor-element elementor-element-41868bfb elementor-section-stretched elementor-section-boxed elementor-section-height-default elementor-section-height-default\" data-id=\"41868bfb\" data-element_type=\"section\" data-settings=\"{&quot;stretch_section&quot;:&quot;section-stretched&quot;,&quot;background_background&quot;:&quot;classic&quot;}\">\n\t\t\t\t\t\t<div class=\"elementor-container elementor-column-gap-default\">\n\t\t\t\t\t<div class=\"elementor-column elementor-col-100 elementor-top-column elementor-element elementor-element-73373f9d\" data-id=\"73373f9d\" data-element_type=\"column\">\n\t\t\t<div class=\"elementor-widget-wrap elementor-element-populated\">\n\t\t\t\t\t\t<div class=\"elementor-element elementor-element-75a3bce9 elementor-widget elementor-widget-heading\" data-id=\"75a3bce9\" data-element_type=\"widget\" data-widget_type=\"heading.default\">\n\t\t\t\t<div class=\"elementor-widget-container\">\n\t\t\t<h1 class=\"elementor-heading-title elementor-size-default\">Nos technologies<\/h1>\t\t<\/div>\n\t\t\t\t<\/div>\n\t\t\t\t<div class=\"elementor-element elementor-element-ef5c932 elementor-widget elementor-widget-text-editor\" data-id=\"ef5c932\" data-element_type=\"widget\" data-widget_type=\"text-editor.default\">\n\t\t\t\t<div class=\"elementor-widget-container\">\n\t\t\t\t\t\t\t<p>Le savoir-faire de CIRTES s\u2019articule autour de 3 proc\u00e9d\u00e9s majeurs brevet\u00e9s<\/p>\t\t\t\t\t\t<\/div>\n\t\t\t\t<\/div>\n\t\t\t\t<section data-particle_enable=\"false\" data-particle-mobile-disabled=\"false\" class=\"elementor-section elementor-inner-section elementor-element elementor-element-25c42cd0 elementor-section-boxed elementor-section-height-default elementor-section-height-default\" data-id=\"25c42cd0\" data-element_type=\"section\">\n\t\t\t\t\t\t<div class=\"elementor-container elementor-column-gap-narrow\">\n\t\t\t\t\t<div class=\"elementor-column elementor-col-33 elementor-inner-column elementor-element elementor-element-4fd27f3\" data-id=\"4fd27f3\" data-element_type=\"column\">\n\t\t\t<div class=\"elementor-widget-wrap elementor-element-populated\">\n\t\t\t\t\t\t<div class=\"elementor-element elementor-element-9f6043b elementor-position-top elementor-widget elementor-widget-image-box\" data-id=\"9f6043b\" data-element_type=\"widget\" data-widget_type=\"image-box.default\">\n\t\t\t\t<div class=\"elementor-widget-container\">\n\t\t\t<div class=\"elementor-image-box-wrapper\"><figure class=\"elementor-image-box-img\"><a href=\"https:\/\/www.cirtes.com\/?page_id=3462\" tabindex=\"-1\"><img decoding=\"async\" width=\"200\" height=\"200\" src=\"https:\/\/www.cirtes.com\/wp-content\/uploads\/2020\/08\/chaise.png\" class=\"attachment-full size-full wp-image-6646\" alt=\"\" srcset=\"https:\/\/www.cirtes.com\/wp-content\/uploads\/2020\/08\/chaise.png 200w, https:\/\/www.cirtes.com\/wp-content\/uploads\/2020\/08\/chaise-150x150.png 150w\" sizes=\"(max-width: 200px) 100vw, 200px\" \/><\/a><\/figure><div class=\"elementor-image-box-content\"><h4 class=\"elementor-image-box-title\"><a href=\"https:\/\/www.cirtes.com\/?page_id=3462\">Stratoconception\u00ae<\/a><\/h4><p class=\"elementor-image-box-description\">La Fabrication Additive mutli-mat\u00e9riaux et grandes dimensions.<\/p><\/div><\/div>\t\t<\/div>\n\t\t\t\t<\/div>\n\t\t\t\t\t<\/div>\n\t\t<\/div>\n\t\t\t\t<div class=\"elementor-column elementor-col-33 elementor-inner-column elementor-element elementor-element-df4f2cb\" data-id=\"df4f2cb\" data-element_type=\"column\">\n\t\t\t<div class=\"elementor-widget-wrap elementor-element-populated\">\n\t\t\t\t\t\t<div class=\"elementor-element elementor-element-2656493f elementor-position-top elementor-widget elementor-widget-image-box\" data-id=\"2656493f\" data-element_type=\"widget\" data-widget_type=\"image-box.default\">\n\t\t\t\t<div class=\"elementor-widget-container\">\n\t\t\t<div class=\"elementor-image-box-wrapper\"><figure class=\"elementor-image-box-img\"><a href=\"https:\/\/www.cirtes.com\/?page_id=8998\" tabindex=\"-1\"><img decoding=\"async\" width=\"200\" height=\"200\" src=\"https:\/\/www.cirtes.com\/wp-content\/uploads\/2020\/08\/grenouille_carton.png\" class=\"attachment-full size-full wp-image-6649\" alt=\"\" srcset=\"https:\/\/www.cirtes.com\/wp-content\/uploads\/2020\/08\/grenouille_carton.png 200w, https:\/\/www.cirtes.com\/wp-content\/uploads\/2020\/08\/grenouille_carton-150x150.png 150w\" sizes=\"(max-width: 200px) 100vw, 200px\" \/><\/a><\/figure><div class=\"elementor-image-box-content\"><h4 class=\"elementor-image-box-title\"><a href=\"https:\/\/www.cirtes.com\/?page_id=8998\">Pack&Strat\u00ae<\/a><\/h4><p class=\"elementor-image-box-description\">L\u2019emballage 3D ultraprotecteur.<\/p><\/div><\/div>\t\t<\/div>\n\t\t\t\t<\/div>\n\t\t\t\t\t<\/div>\n\t\t<\/div>\n\t\t\t\t<div class=\"elementor-column elementor-col-33 elementor-inner-column elementor-element elementor-element-607a979e\" data-id=\"607a979e\" data-element_type=\"column\">\n\t\t\t<div class=\"elementor-widget-wrap elementor-element-populated\">\n\t\t\t\t\t\t<div class=\"elementor-element elementor-element-44298ca6 elementor-position-top elementor-widget elementor-widget-image-box\" data-id=\"44298ca6\" data-element_type=\"widget\" data-widget_type=\"image-box.default\">\n\t\t\t\t<div class=\"elementor-widget-container\">\n\t\t\t<div class=\"elementor-image-box-wrapper\"><figure class=\"elementor-image-box-img\"><a href=\"https:\/\/www.cirtes.com\/?page_id=3464\" tabindex=\"-1\"><img decoding=\"async\" width=\"200\" height=\"200\" src=\"https:\/\/www.cirtes.com\/wp-content\/uploads\/2020\/08\/materiel-actarus-e1616175654341.png\" class=\"attachment-full size-full wp-image-6652\" alt=\"\" \/><\/a><\/figure><div class=\"elementor-image-box-content\"><h4 class=\"elementor-image-box-title\"><a href=\"https:\/\/www.cirtes.com\/?page_id=3464\">Actarus\u00ae<\/a><\/h4><p class=\"elementor-image-box-description\">La maitrise de l\u2019usinage par le monitoring.<\/p><\/div><\/div>\t\t<\/div>\n\t\t\t\t<\/div>\n\t\t\t\t\t<\/div>\n\t\t<\/div>\n\t\t\t\t\t<\/div>\n\t\t<\/section>\n\t\t\t\t<section data-particle_enable=\"false\" data-particle-mobile-disabled=\"false\" class=\"elementor-section elementor-inner-section elementor-element elementor-element-71a6c5d7 elementor-section-boxed elementor-section-height-default elementor-section-height-default\" data-id=\"71a6c5d7\" data-element_type=\"section\">\n\t\t\t\t\t\t<div class=\"elementor-container elementor-column-gap-default\">\n\t\t\t\t\t<div class=\"elementor-column elementor-col-33 elementor-inner-column elementor-element elementor-element-24ae0e16\" data-id=\"24ae0e16\" data-element_type=\"column\">\n\t\t\t<div class=\"elementor-widget-wrap elementor-element-populated\">\n\t\t\t\t\t\t<div class=\"elementor-element elementor-element-552d1f27 elementor-widget-divider--view-line_icon elementor-view-default elementor-widget-divider--element-align-center elementor-widget elementor-widget-divider\" data-id=\"552d1f27\" data-element_type=\"widget\" data-widget_type=\"divider.default\">\n\t\t\t\t<div class=\"elementor-widget-container\">\n\t\t\t\t\t<div class=\"elementor-divider\">\n\t\t\t<span class=\"elementor-divider-separator\">\n\t\t\t\t\t\t\t<div class=\"elementor-icon elementor-divider__element\">\n\t\t\t\t\t<i aria-hidden=\"true\" class=\"fas fa-check-circle\"><\/i><\/div>\n\t\t\t\t\t\t<\/span>\n\t\t<\/div>\n\t\t\t\t<\/div>\n\t\t\t\t<\/div>\n\t\t\t\t\t<\/div>\n\t\t<\/div>\n\t\t\t\t<div class=\"elementor-column elementor-col-33 elementor-inner-column elementor-element elementor-element-51b0b61c\" data-id=\"51b0b61c\" data-element_type=\"column\">\n\t\t\t<div class=\"elementor-widget-wrap elementor-element-populated\">\n\t\t\t\t\t\t<div class=\"elementor-element elementor-element-4855501e elementor-widget-divider--view-line_icon elementor-view-default elementor-widget-divider--element-align-center elementor-widget elementor-widget-divider\" data-id=\"4855501e\" data-element_type=\"widget\" data-widget_type=\"divider.default\">\n\t\t\t\t<div class=\"elementor-widget-container\">\n\t\t\t\t\t<div class=\"elementor-divider\">\n\t\t\t<span class=\"elementor-divider-separator\">\n\t\t\t\t\t\t\t<div class=\"elementor-icon elementor-divider__element\">\n\t\t\t\t\t<i aria-hidden=\"true\" class=\"fas fa-check-circle\"><\/i><\/div>\n\t\t\t\t\t\t<\/span>\n\t\t<\/div>\n\t\t\t\t<\/div>\n\t\t\t\t<\/div>\n\t\t\t\t\t<\/div>\n\t\t<\/div>\n\t\t\t\t<div class=\"elementor-column elementor-col-33 elementor-inner-column elementor-element elementor-element-602fcec6\" data-id=\"602fcec6\" data-element_type=\"column\">\n\t\t\t<div class=\"elementor-widget-wrap elementor-element-populated\">\n\t\t\t\t\t\t<div class=\"elementor-element elementor-element-a622ac1 elementor-widget-divider--view-line_icon elementor-view-default elementor-widget-divider--element-align-center elementor-widget elementor-widget-divider\" data-id=\"a622ac1\" data-element_type=\"widget\" data-widget_type=\"divider.default\">\n\t\t\t\t<div class=\"elementor-widget-container\">\n\t\t\t\t\t<div class=\"elementor-divider\">\n\t\t\t<span class=\"elementor-divider-separator\">\n\t\t\t\t\t\t\t<div class=\"elementor-icon elementor-divider__element\">\n\t\t\t\t\t<i aria-hidden=\"true\" class=\"fas fa-check-circle\"><\/i><\/div>\n\t\t\t\t\t\t<\/span>\n\t\t<\/div>\n\t\t\t\t<\/div>\n\t\t\t\t<\/div>\n\t\t\t\t\t<\/div>\n\t\t<\/div>\n\t\t\t\t\t<\/div>\n\t\t<\/section>\n\t\t\t\t\t<\/div>\n\t\t<\/div>\n\t\t\t\t\t<\/div>\n\t\t<\/section>\n\t\t\t\t<\/div>\n\t\t","protected":false},"excerpt":{"rendered":"<p>Nos technologies Le savoir-faire de CIRTES s\u2019articule autour de 3 proc\u00e9d\u00e9s majeurs brevet\u00e9s Stratoconception\u00ae La Fabrication Additive mutli-mat\u00e9riaux et grandes dimensions. Pack&#038;Strat\u00ae L\u2019emballage 3D ultraprotecteur. Actarus\u00ae La maitrise de l\u2019usinage par le monitoring.<\/p>\n","protected":false},"author":1,"featured_media":0,"parent":0,"menu_order":3,"comment_status":"closed","ping_status":"closed","template":"","meta":{"ocean_post_layout":"full-screen","ocean_both_sidebars_style":"","ocean_both_sidebars_content_width":0,"ocean_both_sidebars_sidebars_width":0,"ocean_sidebar":"0","ocean_second_sidebar":"0","ocean_disable_margins":"on","ocean_add_body_class":"","ocean_shortcode_before_top_bar":"","ocean_shortcode_after_top_bar":"","ocean_shortcode_before_header":"","ocean_shortcode_after_header":"","ocean_has_shortcode":"","ocean_shortcode_after_title":"","ocean_shortcode_before_footer_widgets":"","ocean_shortcode_after_footer_widgets":"","ocean_shortcode_before_footer_bottom":"","ocean_shortcode_after_footer_bottom":"","ocean_display_top_bar":"default","ocean_display_header":"default","ocean_header_style":"","ocean_center_header_left_menu":"0","ocean_custom_header_template":"0","ocean_custom_logo":0,"ocean_custom_retina_logo":0,"ocean_custom_logo_max_width":0,"ocean_custom_logo_tablet_max_width":0,"ocean_custom_logo_mobile_max_width":0,"ocean_custom_logo_max_height":0,"ocean_custom_logo_tablet_max_height":0,"ocean_custom_logo_mobile_max_height":0,"ocean_header_custom_menu":"0","ocean_menu_typo_font_family":"0","ocean_menu_typo_font_subset":"","ocean_menu_typo_font_size":0,"ocean_menu_typo_font_size_tablet":0,"ocean_menu_typo_font_size_mobile":0,"ocean_menu_typo_font_size_unit":"px","ocean_menu_typo_font_weight":"","ocean_menu_typo_font_weight_tablet":"","ocean_menu_typo_font_weight_mobile":"","ocean_menu_typo_transform":"","ocean_menu_typo_transform_tablet":"","ocean_menu_typo_transform_mobile":"","ocean_menu_typo_line_height":0,"ocean_menu_typo_line_height_tablet":0,"ocean_menu_typo_line_height_mobile":0,"ocean_menu_typo_line_height_unit":"","ocean_menu_typo_spacing":0,"ocean_menu_typo_spacing_tablet":0,"ocean_menu_typo_spacing_mobile":0,"ocean_menu_typo_spacing_unit":"","ocean_menu_link_color":"","ocean_menu_link_color_hover":"","ocean_menu_link_color_active":"","ocean_menu_link_background":"","ocean_menu_link_hover_background":"","ocean_menu_link_active_background":"","ocean_menu_social_links_bg":"","ocean_menu_social_hover_links_bg":"","ocean_menu_social_links_color":"","ocean_menu_social_hover_links_color":"","ocean_disable_title":"enable","ocean_disable_heading":"on","ocean_post_title":"","ocean_post_subheading":"","ocean_post_title_style":"background-image","ocean_post_title_background_color":"","ocean_post_title_background":2330,"ocean_post_title_bg_image_position":"center center","ocean_post_title_bg_image_attachment":"","ocean_post_title_bg_image_repeat":"no-repeat","ocean_post_title_bg_image_size":"cover","ocean_post_title_height":200,"ocean_post_title_bg_overlay":0.4,"ocean_post_title_bg_overlay_color":"","ocean_disable_breadcrumbs":"default","ocean_breadcrumbs_color":"","ocean_breadcrumbs_separator_color":"","ocean_breadcrumbs_links_color":"","ocean_breadcrumbs_links_hover_color":"","ocean_display_footer_widgets":"default","ocean_display_footer_bottom":"default","ocean_custom_footer_template":"0","osh_disable_topbar_sticky":"default","osh_disable_header_sticky":"default","osh_sticky_header_style":"default","osh_sticky_header_effect":"","osh_custom_sticky_logo":0,"osh_custom_retina_sticky_logo":0,"osh_custom_sticky_logo_height":0,"osh_background_color":"","osh_links_color":"","osh_links_hover_color":"","osh_links_active_color":"","osh_links_bg_color":"","osh_links_hover_bg_color":"","osh_links_active_bg_color":"","osh_menu_social_links_color":"","osh_menu_social_hover_links_color":"","footnotes":""},"class_list":["post-2145","page","type-page","status-publish","hentry","entry"],"yoast_head":"<!-- This site is optimized with the Yoast SEO plugin v21.8.1 - https:\/\/yoast.com\/wordpress\/plugins\/seo\/ -->\n<title>Technologies - CIRTES<\/title>\n<meta name=\"robots\" content=\"index, follow, max-snippet:-1, max-image-preview:large, max-video-preview:-1\" \/>\n<link rel=\"canonical\" href=\"https:\/\/www.cirtes.com\/?page_id=2145\" \/>\n<meta property=\"og:locale\" content=\"fr_FR\" \/>\n<meta property=\"og:type\" content=\"article\" \/>\n<meta property=\"og:title\" content=\"Technologies - CIRTES\" \/>\n<meta property=\"og:description\" content=\"Nos technologies Le savoir-faire de CIRTES s\u2019articule autour de 3 proc\u00e9d\u00e9s majeurs brevet\u00e9s Stratoconception\u00ae La Fabrication Additive mutli-mat\u00e9riaux et grandes dimensions. Pack&#038;Strat\u00ae L\u2019emballage 3D ultraprotecteur. Actarus\u00ae La maitrise de l\u2019usinage par le monitoring.\" \/>\n<meta property=\"og:url\" content=\"https:\/\/www.cirtes.com\/?page_id=2145\" \/>\n<meta property=\"og:site_name\" content=\"CIRTES\" \/>\n<meta property=\"article:modified_time\" content=\"2022-09-22T14:44:35+00:00\" \/>\n<meta property=\"og:image\" content=\"https:\/\/www.cirtes.com\/wp-content\/uploads\/2020\/08\/chaise.png\" \/>\n<meta name=\"twitter:card\" content=\"summary_large_image\" \/>\n<meta name=\"twitter:label1\" content=\"Dur\u00e9e de lecture estim\u00e9e\" \/>\n\t<meta name=\"twitter:data1\" content=\"1 minute\" \/>\n<script type=\"application\/ld+json\" class=\"yoast-schema-graph\">{\"@context\":\"https:\/\/schema.org\",\"@graph\":[{\"@type\":\"WebPage\",\"@id\":\"https:\/\/www.cirtes.com\/?page_id=2145\",\"url\":\"https:\/\/www.cirtes.com\/?page_id=2145\",\"name\":\"Technologies - CIRTES\",\"isPartOf\":{\"@id\":\"https:\/\/www.cirtes.com\/#website\"},\"datePublished\":\"2016-05-02T14:10:55+00:00\",\"dateModified\":\"2022-09-22T14:44:35+00:00\",\"breadcrumb\":{\"@id\":\"https:\/\/www.cirtes.com\/?page_id=2145#breadcrumb\"},\"inLanguage\":\"fr-FR\",\"potentialAction\":[{\"@type\":\"ReadAction\",\"target\":[\"https:\/\/www.cirtes.com\/?page_id=2145\"]}]},{\"@type\":\"BreadcrumbList\",\"@id\":\"https:\/\/www.cirtes.com\/?page_id=2145#breadcrumb\",\"itemListElement\":[{\"@type\":\"ListItem\",\"position\":1,\"name\":\"Accueil\",\"item\":\"https:\/\/www.cirtes.com\/\"},{\"@type\":\"ListItem\",\"position\":2,\"name\":\"Technologies\"}]},{\"@type\":\"WebSite\",\"@id\":\"https:\/\/www.cirtes.com\/#website\",\"url\":\"https:\/\/www.cirtes.com\/\",\"name\":\"CIRTES\",\"description\":\"Fabrication Additive et Usinage Avanc\u00e9\",\"publisher\":{\"@id\":\"https:\/\/www.cirtes.com\/#organization\"},\"potentialAction\":[{\"@type\":\"SearchAction\",\"target\":{\"@type\":\"EntryPoint\",\"urlTemplate\":\"https:\/\/www.cirtes.com\/?s={search_term_string}\"},\"query-input\":\"required name=search_term_string\"}],\"inLanguage\":\"fr-FR\"},{\"@type\":\"Organization\",\"@id\":\"https:\/\/www.cirtes.com\/#organization\",\"name\":\"CIRTES\",\"url\":\"https:\/\/www.cirtes.com\/\",\"logo\":{\"@type\":\"ImageObject\",\"inLanguage\":\"fr-FR\",\"@id\":\"https:\/\/www.cirtes.com\/#\/schema\/logo\/image\/\",\"url\":\"https:\/\/www.cirtes.com\/wp-content\/uploads\/2016\/05\/unnamed-2.png\",\"contentUrl\":\"https:\/\/www.cirtes.com\/wp-content\/uploads\/2016\/05\/unnamed-2.png\",\"width\":300,\"height\":95,\"caption\":\"CIRTES\"},\"image\":{\"@id\":\"https:\/\/www.cirtes.com\/#\/schema\/logo\/image\/\"},\"sameAs\":[\"https:\/\/www.linkedin.com\/company\/cirtes\"]}]}<\/script>\n<!-- \/ Yoast SEO plugin. -->","yoast_head_json":{"title":"Technologies - CIRTES","robots":{"index":"index","follow":"follow","max-snippet":"max-snippet:-1","max-image-preview":"max-image-preview:large","max-video-preview":"max-video-preview:-1"},"canonical":"https:\/\/www.cirtes.com\/?page_id=2145","og_locale":"fr_FR","og_type":"article","og_title":"Technologies - CIRTES","og_description":"Nos technologies Le savoir-faire de CIRTES s\u2019articule autour de 3 proc\u00e9d\u00e9s majeurs brevet\u00e9s Stratoconception\u00ae La Fabrication Additive mutli-mat\u00e9riaux et grandes dimensions. Pack&#038;Strat\u00ae L\u2019emballage 3D ultraprotecteur. Actarus\u00ae La maitrise de l\u2019usinage par le monitoring.","og_url":"https:\/\/www.cirtes.com\/?page_id=2145","og_site_name":"CIRTES","article_modified_time":"2022-09-22T14:44:35+00:00","og_image":[{"url":"https:\/\/www.cirtes.com\/wp-content\/uploads\/2020\/08\/chaise.png"}],"twitter_card":"summary_large_image","twitter_misc":{"Dur\u00e9e de lecture estim\u00e9e":"1 minute"},"schema":{"@context":"https:\/\/schema.org","@graph":[{"@type":"WebPage","@id":"https:\/\/www.cirtes.com\/?page_id=2145","url":"https:\/\/www.cirtes.com\/?page_id=2145","name":"Technologies - CIRTES","isPartOf":{"@id":"https:\/\/www.cirtes.com\/#website"},"datePublished":"2016-05-02T14:10:55+00:00","dateModified":"2022-09-22T14:44:35+00:00","breadcrumb":{"@id":"https:\/\/www.cirtes.com\/?page_id=2145#breadcrumb"},"inLanguage":"fr-FR","potentialAction":[{"@type":"ReadAction","target":["https:\/\/www.cirtes.com\/?page_id=2145"]}]},{"@type":"BreadcrumbList","@id":"https:\/\/www.cirtes.com\/?page_id=2145#breadcrumb","itemListElement":[{"@type":"ListItem","position":1,"name":"Accueil","item":"https:\/\/www.cirtes.com\/"},{"@type":"ListItem","position":2,"name":"Technologies"}]},{"@type":"WebSite","@id":"https:\/\/www.cirtes.com\/#website","url":"https:\/\/www.cirtes.com\/","name":"CIRTES","description":"Fabrication Additive et Usinage Avanc\u00e9","publisher":{"@id":"https:\/\/www.cirtes.com\/#organization"},"potentialAction":[{"@type":"SearchAction","target":{"@type":"EntryPoint","urlTemplate":"https:\/\/www.cirtes.com\/?s={search_term_string}"},"query-input":"required name=search_term_string"}],"inLanguage":"fr-FR"},{"@type":"Organization","@id":"https:\/\/www.cirtes.com\/#organization","name":"CIRTES","url":"https:\/\/www.cirtes.com\/","logo":{"@type":"ImageObject","inLanguage":"fr-FR","@id":"https:\/\/www.cirtes.com\/#\/schema\/logo\/image\/","url":"https:\/\/www.cirtes.com\/wp-content\/uploads\/2016\/05\/unnamed-2.png","contentUrl":"https:\/\/www.cirtes.com\/wp-content\/uploads\/2016\/05\/unnamed-2.png","width":300,"height":95,"caption":"CIRTES"},"image":{"@id":"https:\/\/www.cirtes.com\/#\/schema\/logo\/image\/"},"sameAs":["https:\/\/www.linkedin.com\/company\/cirtes"]}]}},"_links":{"self":[{"href":"https:\/\/www.cirtes.com\/index.php?rest_route=\/wp\/v2\/pages\/2145","targetHints":{"allow":["GET"]}}],"collection":[{"href":"https:\/\/www.cirtes.com\/index.php?rest_route=\/wp\/v2\/pages"}],"about":[{"href":"https:\/\/www.cirtes.com\/index.php?rest_route=\/wp\/v2\/types\/page"}],"author":[{"embeddable":true,"href":"https:\/\/www.cirtes.com\/index.php?rest_route=\/wp\/v2\/users\/1"}],"replies":[{"embeddable":true,"href":"https:\/\/www.cirtes.com\/index.php?rest_route=%2Fwp%2Fv2%2Fcomments&post=2145"}],"version-history":[{"count":32,"href":"https:\/\/www.cirtes.com\/index.php?rest_route=\/wp\/v2\/pages\/2145\/revisions"}],"predecessor-version":[{"id":11799,"href":"https:\/\/www.cirtes.com\/index.php?rest_route=\/wp\/v2\/pages\/2145\/revisions\/11799"}],"wp:attachment":[{"href":"https:\/\/www.cirtes.com\/index.php?rest_route=%2Fwp%2Fv2%2Fmedia&parent=2145"}],"curies":[{"name":"wp","href":"https:\/\/api.w.org\/{rel}","templated":true}]}}